{"id":1388,"date":"2024-09-05T12:43:17","date_gmt":"2024-09-05T12:43:17","guid":{"rendered":"https:\/\/souvenirexpoturkiye.com.tr\/what-does-our-fair-promise\/"},"modified":"2024-09-10T13:56:03","modified_gmt":"2024-09-10T13:56:03","slug":"what-does-our-fair-promise","status":"publish","type":"page","link":"https:\/\/souvenirexpoturkiye.com.tr\/en\/what-does-our-fair-promise\/","title":{"rendered":"What Does Our Fair Promise?"},"content":{"rendered":"\t\t<div data-elementor-type=\"wp-page\" data-elementor-id=\"1388\" class=\"elementor elementor-1388 elementor-756\" data-elementor-post-type=\"page\">\n\t\t\t\t<div class=\"elementor-element elementor-element-8247fab e-flex e-con-boxed e-con e-parent\" data-id=\"8247fab\" data-element_type=\"container\" data-settings=\"{&quot;background_background&quot;:&quot;classic&quot;,&quot;jet_parallax_layout_list&quot;:[]}\">\n\t\t\t\t\t<div class=\"e-con-inner\">\n\t\t\t\t<div class=\"elementor-element elementor-element-27d573c elementor-widget elementor-widget-heading\" data-id=\"27d573c\" data-element_type=\"widget\" data-widget_type=\"heading.default\">\n\t\t\t\t<div class=\"elementor-widget-container\">\n\t\t\t\t\t<h2 class=\"elementor-heading-title elementor-size-default\">What Does Our Fair Promise?<\/h2>\t\t\t\t<\/div>\n\t\t\t\t<\/div>\n\t\t\t\t\t<\/div>\n\t\t\t\t<\/div>\n\t\t<div class=\"elementor-element elementor-element-c45bed6 e-flex e-con-boxed e-con e-parent\" data-id=\"c45bed6\" data-element_type=\"container\" data-settings=\"{&quot;jet_parallax_layout_list&quot;:[]}\">\n\t\t\t\t\t<div class=\"e-con-inner\">\n\t\t<div class=\"elementor-element elementor-element-1380b0e e-con-full e-flex e-con e-child\" data-id=\"1380b0e\" data-element_type=\"container\" data-settings=\"{&quot;jet_parallax_layout_list&quot;:[]}\">\n\t\t<div class=\"elementor-element elementor-element-31f2479 e-con-full e-flex e-con e-child\" data-id=\"31f2479\" data-element_type=\"container\" data-settings=\"{&quot;jet_parallax_layout_list&quot;:[]}\">\n\t\t\t\t<div class=\"elementor-element elementor-element-9e4006b elementor-widget elementor-widget-heading\" data-id=\"9e4006b\" data-element_type=\"widget\" data-widget_type=\"heading.default\">\n\t\t\t\t<div class=\"elementor-widget-container\">\n\t\t\t\t\t<h2 class=\"elementor-heading-title elementor-size-default\">By participating in Souvenir Expo T\u00fcrkiye, you will have the opportunity to:<\/h2>\t\t\t\t<\/div>\n\t\t\t\t<\/div>\n\t\t\t\t<div class=\"elementor-element elementor-element-99878a9 elementor-align-left elementor-icon-list--layout-traditional elementor-list-item-link-full_width elementor-widget elementor-widget-icon-list\" data-id=\"99878a9\" data-element_type=\"widget\" data-widget_type=\"icon-list.default\">\n\t\t\t\t<div class=\"elementor-widget-container\">\n\t\t\t\t\t\t\t<ul class=\"elementor-icon-list-items\">\n\t\t\t\t\t\t\t<li class=\"elementor-icon-list-item\">\n\t\t\t\t\t\t\t\t\t\t\t<span class=\"elementor-icon-list-icon\">\n\t\t\t\t\t\t\t<svg aria-hidden=\"true\" class=\"e-font-icon-svg e-fas-circle\" viewBox=\"0 0 512 512\" xmlns=\"http:\/\/www.w3.org\/2000\/svg\"><path d=\"M256 8C119 8 8 119 8 256s111 248 248 248 248-111 248-248S393 8 256 8z\"><\/path><\/svg>\t\t\t\t\t\t<\/span>\n\t\t\t\t\t\t\t\t\t\t<span class=\"elementor-icon-list-text\">Connect with and receive orders from souvenir shops, wholesalers, and foreign export buyers from over 100 countries worldwide, as well as from all of Turkey's major tourism regions.<\/span>\n\t\t\t\t\t\t\t\t\t<\/li>\n\t\t\t\t\t\t\t\t<li class=\"elementor-icon-list-item\">\n\t\t\t\t\t\t\t\t\t\t\t<span class=\"elementor-icon-list-icon\">\n\t\t\t\t\t\t\t<svg aria-hidden=\"true\" class=\"e-font-icon-svg e-fas-circle\" viewBox=\"0 0 512 512\" xmlns=\"http:\/\/www.w3.org\/2000\/svg\"><path d=\"M256 8C119 8 8 119 8 256s111 248 248 248 248-111 248-248S393 8 256 8z\"><\/path><\/svg>\t\t\t\t\t\t<\/span>\n\t\t\t\t\t\t\t\t\t\t<span class=\"elementor-icon-list-text\">Showcase your new designs and products for the upcoming season.<\/span>\n\t\t\t\t\t\t\t\t\t<\/li>\n\t\t\t\t\t\t\t\t<li class=\"elementor-icon-list-item\">\n\t\t\t\t\t\t\t\t\t\t\t<span class=\"elementor-icon-list-icon\">\n\t\t\t\t\t\t\t<svg aria-hidden=\"true\" class=\"e-font-icon-svg e-fas-circle\" viewBox=\"0 0 512 512\" xmlns=\"http:\/\/www.w3.org\/2000\/svg\"><path d=\"M256 8C119 8 8 119 8 256s111 248 248 248 248-111 248-248S393 8 256 8z\"><\/path><\/svg>\t\t\t\t\t\t<\/span>\n\t\t\t\t\t\t\t\t\t\t<span class=\"elementor-icon-list-text\">Gain a competitive edge by participating in the fair and standing out in the market.<\/span>\n\t\t\t\t\t\t\t\t\t<\/li>\n\t\t\t\t\t\t<\/ul>\n\t\t\t\t\t\t<\/div>\n\t\t\t\t<\/div>\n\t\t\t\t<\/div>\n\t\t<div class=\"elementor-element elementor-element-a235228 e-con-full e-flex e-con e-child\" data-id=\"a235228\" data-element_type=\"container\" data-settings=\"{&quot;jet_parallax_layout_list&quot;:[]}\">\n\t\t\t\t<div class=\"elementor-element elementor-element-d46d797 elementor-widget elementor-widget-image\" data-id=\"d46d797\" data-element_type=\"widget\" data-widget_type=\"image.default\">\n\t\t\t\t<div class=\"elementor-widget-container\">\n\t\t\t\t\t\t\t\t\t\t\t\t\t\t\t<img fetchpriority=\"high\" decoding=\"async\" width=\"800\" height=\"345\" src=\"https:\/\/souvenirexpoturkiye.com.tr\/wp-content\/uploads\/2024\/09\/image-126-1024x441.png\" class=\"attachment-large size-large wp-image-1324\" alt=\"\" srcset=\"https:\/\/souvenirexpoturkiye.com.tr\/wp-content\/uploads\/2024\/09\/image-126-1024x441.png 1024w, https:\/\/souvenirexpoturkiye.com.tr\/wp-content\/uploads\/2024\/09\/image-126-300x129.png 300w, https:\/\/souvenirexpoturkiye.com.tr\/wp-content\/uploads\/2024\/09\/image-126-768x331.png 768w, https:\/\/souvenirexpoturkiye.com.tr\/wp-content\/uploads\/2024\/09\/image-126.png 1379w\" sizes=\"(max-width: 800px) 100vw, 800px\" \/>\t\t\t\t\t\t\t\t\t\t\t\t\t\t\t<\/div>\n\t\t\t\t<\/div>\n\t\t\t\t<\/div>\n\t\t\t\t<\/div>\n\t\t\t\t\t<\/div>\n\t\t\t\t<\/div>\n\t\t\t\t<\/div>\n\t\t","protected":false},"excerpt":{"rendered":"<p>By participating in Souvenir Expo T\u00fcrkiye, you will have the opportunity to: Connect with and receive orders from souvenir shops, wholesalers, and foreign export buyers from over 100 countries worldwide, as well as from all of Turkey&#8217;s major tourism regions. Showcase your new designs and products for the upcoming season. Gain a competitive edge by [&hellip;]<\/p>\n","protected":false},"author":1,"featured_media":0,"parent":0,"menu_order":0,"comment_status":"closed","ping_status":"closed","template":"","meta":{"footnotes":""},"class_list":["post-1388","page","type-page","status-publish","hentry"],"yoast_head":"<!-- This site is optimized with the Yoast SEO plugin v25.3.1 - https:\/\/yoast.com\/wordpress\/plugins\/seo\/ -->\n<title>What Does Our Fair Promise? - Souvenir Expo Turkiye<\/title>\n<meta name=\"robots\" content=\"index, follow, max-snippet:-1, max-image-preview:large, max-video-preview:-1\" \/>\n<link rel=\"canonical\" href=\"https:\/\/souvenirexpoturkiye.com.tr\/en\/what-does-our-fair-promise\/\" \/>\n<meta property=\"og:locale\" content=\"en_US\" \/>\n<meta property=\"og:type\" content=\"article\" \/>\n<meta property=\"og:title\" content=\"What Does Our Fair Promise? - Souvenir Expo Turkiye\" \/>\n<meta property=\"og:description\" content=\"By participating in Souvenir Expo T\u00fcrkiye, you will have the opportunity to: Connect with and receive orders from souvenir shops, wholesalers, and foreign export buyers from over 100 countries worldwide, as well as from all of Turkey&#8217;s major tourism regions. Showcase your new designs and products for the upcoming season. Gain a competitive edge by [&hellip;]\" \/>\n<meta property=\"og:url\" content=\"https:\/\/souvenirexpoturkiye.com.tr\/en\/what-does-our-fair-promise\/\" \/>\n<meta property=\"og:site_name\" content=\"Souvenir Expo Turkiye\" \/>\n<meta property=\"article:publisher\" content=\"https:\/\/www.facebook.com\/souvenirexpoturkiye\" \/>\n<meta property=\"article:modified_time\" content=\"2024-09-10T13:56:03+00:00\" \/>\n<meta property=\"og:image\" content=\"https:\/\/souvenirexpoturkiye.com.tr\/wp-content\/uploads\/2024\/09\/image-126-1024x441.png\" \/>\n<meta name=\"twitter:card\" content=\"summary_large_image\" \/>\n<meta name=\"twitter:site\" content=\"@souvenirexpotr\" \/>\n<meta name=\"twitter:label1\" content=\"Est. reading time\" \/>\n\t<meta name=\"twitter:data1\" content=\"1 minute\" \/>\n<script type=\"application\/ld+json\" class=\"yoast-schema-graph\">{\"@context\":\"https:\/\/schema.org\",\"@graph\":[{\"@type\":\"WebPage\",\"@id\":\"https:\/\/souvenirexpoturkiye.com.tr\/en\/what-does-our-fair-promise\/\",\"url\":\"https:\/\/souvenirexpoturkiye.com.tr\/en\/what-does-our-fair-promise\/\",\"name\":\"What Does Our Fair Promise? - Souvenir Expo Turkiye\",\"isPartOf\":{\"@id\":\"https:\/\/souvenirexpoturkiye.com.tr\/en\/#website\"},\"primaryImageOfPage\":{\"@id\":\"https:\/\/souvenirexpoturkiye.com.tr\/en\/what-does-our-fair-promise\/#primaryimage\"},\"image\":{\"@id\":\"https:\/\/souvenirexpoturkiye.com.tr\/en\/what-does-our-fair-promise\/#primaryimage\"},\"thumbnailUrl\":\"https:\/\/souvenirexpoturkiye.com.tr\/wp-content\/uploads\/2024\/09\/image-126-1024x441.png\",\"datePublished\":\"2024-09-05T12:43:17+00:00\",\"dateModified\":\"2024-09-10T13:56:03+00:00\",\"breadcrumb\":{\"@id\":\"https:\/\/souvenirexpoturkiye.com.tr\/en\/what-does-our-fair-promise\/#breadcrumb\"},\"inLanguage\":\"en-US\",\"potentialAction\":[{\"@type\":\"ReadAction\",\"target\":[\"https:\/\/souvenirexpoturkiye.com.tr\/en\/what-does-our-fair-promise\/\"]}]},{\"@type\":\"ImageObject\",\"inLanguage\":\"en-US\",\"@id\":\"https:\/\/souvenirexpoturkiye.com.tr\/en\/what-does-our-fair-promise\/#primaryimage\",\"url\":\"https:\/\/souvenirexpoturkiye.com.tr\/wp-content\/uploads\/2024\/09\/image-126-1024x441.png\",\"contentUrl\":\"https:\/\/souvenirexpoturkiye.com.tr\/wp-content\/uploads\/2024\/09\/image-126-1024x441.png\"},{\"@type\":\"BreadcrumbList\",\"@id\":\"https:\/\/souvenirexpoturkiye.com.tr\/en\/what-does-our-fair-promise\/#breadcrumb\",\"itemListElement\":[{\"@type\":\"ListItem\",\"position\":1,\"name\":\"Home\",\"item\":\"https:\/\/souvenirexpoturkiye.com.tr\/en\/\"},{\"@type\":\"ListItem\",\"position\":2,\"name\":\"What Does Our Fair Promise?\"}]},{\"@type\":\"WebSite\",\"@id\":\"https:\/\/souvenirexpoturkiye.com.tr\/en\/#website\",\"url\":\"https:\/\/souvenirexpoturkiye.com.tr\/en\/\",\"name\":\"Souvenir Expo Turkiye\",\"description\":\"D\u00dcNYANIN EN BA\u015eARILI SOUVENIR FUARI T\u00dcRK\u0130YE&#039;DE\",\"publisher\":{\"@id\":\"https:\/\/souvenirexpoturkiye.com.tr\/en\/#organization\"},\"potentialAction\":[{\"@type\":\"SearchAction\",\"target\":{\"@type\":\"EntryPoint\",\"urlTemplate\":\"https:\/\/souvenirexpoturkiye.com.tr\/en\/?s={search_term_string}\"},\"query-input\":{\"@type\":\"PropertyValueSpecification\",\"valueRequired\":true,\"valueName\":\"search_term_string\"}}],\"inLanguage\":\"en-US\"},{\"@type\":\"Organization\",\"@id\":\"https:\/\/souvenirexpoturkiye.com.tr\/en\/#organization\",\"name\":\"D\u00dcNYANIN EN BA\u015eARILI SOUVENIR FUARI T\u00dcRK\u0130YE'DE Yunanistan'da 1984 y\u0131l\u0131ndan bu yana d\u00fczenli olarak her y\u0131l organize edilen, bug\u00fcne kadar bir\u00e7ok T\u00fcrk ...\",\"url\":\"https:\/\/souvenirexpoturkiye.com.tr\/en\/\",\"logo\":{\"@type\":\"ImageObject\",\"inLanguage\":\"en-US\",\"@id\":\"https:\/\/souvenirexpoturkiye.com.tr\/en\/#\/schema\/logo\/image\/\",\"url\":\"https:\/\/souvenirexpoturkiye.com.tr\/wp-content\/uploads\/2024\/09\/SOUVENIR-2024-LOGO_2.png\",\"contentUrl\":\"https:\/\/souvenirexpoturkiye.com.tr\/wp-content\/uploads\/2024\/09\/SOUVENIR-2024-LOGO_2.png\",\"width\":2640,\"height\":1314,\"caption\":\"D\u00dcNYANIN EN BA\u015eARILI SOUVENIR FUARI T\u00dcRK\u0130YE'DE Yunanistan'da 1984 y\u0131l\u0131ndan bu yana d\u00fczenli olarak her y\u0131l organize edilen, bug\u00fcne kadar bir\u00e7ok T\u00fcrk ...\"},\"image\":{\"@id\":\"https:\/\/souvenirexpoturkiye.com.tr\/en\/#\/schema\/logo\/image\/\"},\"sameAs\":[\"https:\/\/www.facebook.com\/souvenirexpoturkiye\",\"https:\/\/x.com\/souvenirexpotr\",\"https:\/\/www.instagram.com\/souvenirexpoturkiye\/\"]}]}<\/script>\n<!-- \/ Yoast SEO plugin. -->","yoast_head_json":{"title":"What Does Our Fair Promise? - Souvenir Expo Turkiye","robots":{"index":"index","follow":"follow","max-snippet":"max-snippet:-1","max-image-preview":"max-image-preview:large","max-video-preview":"max-video-preview:-1"},"canonical":"https:\/\/souvenirexpoturkiye.com.tr\/en\/what-does-our-fair-promise\/","og_locale":"en_US","og_type":"article","og_title":"What Does Our Fair Promise? - Souvenir Expo Turkiye","og_description":"By participating in Souvenir Expo T\u00fcrkiye, you will have the opportunity to: Connect with and receive orders from souvenir shops, wholesalers, and foreign export buyers from over 100 countries worldwide, as well as from all of Turkey&#8217;s major tourism regions. Showcase your new designs and products for the upcoming season. Gain a competitive edge by [&hellip;]","og_url":"https:\/\/souvenirexpoturkiye.com.tr\/en\/what-does-our-fair-promise\/","og_site_name":"Souvenir Expo Turkiye","article_publisher":"https:\/\/www.facebook.com\/souvenirexpoturkiye","article_modified_time":"2024-09-10T13:56:03+00:00","og_image":[{"url":"https:\/\/souvenirexpoturkiye.com.tr\/wp-content\/uploads\/2024\/09\/image-126-1024x441.png","type":"","width":"","height":""}],"twitter_card":"summary_large_image","twitter_site":"@souvenirexpotr","twitter_misc":{"Est. reading time":"1 minute"},"schema":{"@context":"https:\/\/schema.org","@graph":[{"@type":"WebPage","@id":"https:\/\/souvenirexpoturkiye.com.tr\/en\/what-does-our-fair-promise\/","url":"https:\/\/souvenirexpoturkiye.com.tr\/en\/what-does-our-fair-promise\/","name":"What Does Our Fair Promise? - Souvenir Expo Turkiye","isPartOf":{"@id":"https:\/\/souvenirexpoturkiye.com.tr\/en\/#website"},"primaryImageOfPage":{"@id":"https:\/\/souvenirexpoturkiye.com.tr\/en\/what-does-our-fair-promise\/#primaryimage"},"image":{"@id":"https:\/\/souvenirexpoturkiye.com.tr\/en\/what-does-our-fair-promise\/#primaryimage"},"thumbnailUrl":"https:\/\/souvenirexpoturkiye.com.tr\/wp-content\/uploads\/2024\/09\/image-126-1024x441.png","datePublished":"2024-09-05T12:43:17+00:00","dateModified":"2024-09-10T13:56:03+00:00","breadcrumb":{"@id":"https:\/\/souvenirexpoturkiye.com.tr\/en\/what-does-our-fair-promise\/#breadcrumb"},"inLanguage":"en-US","potentialAction":[{"@type":"ReadAction","target":["https:\/\/souvenirexpoturkiye.com.tr\/en\/what-does-our-fair-promise\/"]}]},{"@type":"ImageObject","inLanguage":"en-US","@id":"https:\/\/souvenirexpoturkiye.com.tr\/en\/what-does-our-fair-promise\/#primaryimage","url":"https:\/\/souvenirexpoturkiye.com.tr\/wp-content\/uploads\/2024\/09\/image-126-1024x441.png","contentUrl":"https:\/\/souvenirexpoturkiye.com.tr\/wp-content\/uploads\/2024\/09\/image-126-1024x441.png"},{"@type":"BreadcrumbList","@id":"https:\/\/souvenirexpoturkiye.com.tr\/en\/what-does-our-fair-promise\/#breadcrumb","itemListElement":[{"@type":"ListItem","position":1,"name":"Home","item":"https:\/\/souvenirexpoturkiye.com.tr\/en\/"},{"@type":"ListItem","position":2,"name":"What Does Our Fair Promise?"}]},{"@type":"WebSite","@id":"https:\/\/souvenirexpoturkiye.com.tr\/en\/#website","url":"https:\/\/souvenirexpoturkiye.com.tr\/en\/","name":"Souvenir Expo Turkiye","description":"D\u00dcNYANIN EN BA\u015eARILI SOUVENIR FUARI T\u00dcRK\u0130YE&#039;DE","publisher":{"@id":"https:\/\/souvenirexpoturkiye.com.tr\/en\/#organization"},"potentialAction":[{"@type":"SearchAction","target":{"@type":"EntryPoint","urlTemplate":"https:\/\/souvenirexpoturkiye.com.tr\/en\/?s={search_term_string}"},"query-input":{"@type":"PropertyValueSpecification","valueRequired":true,"valueName":"search_term_string"}}],"inLanguage":"en-US"},{"@type":"Organization","@id":"https:\/\/souvenirexpoturkiye.com.tr\/en\/#organization","name":"D\u00dcNYANIN EN BA\u015eARILI SOUVENIR FUARI T\u00dcRK\u0130YE'DE Yunanistan'da 1984 y\u0131l\u0131ndan bu yana d\u00fczenli olarak her y\u0131l organize edilen, bug\u00fcne kadar bir\u00e7ok T\u00fcrk ...","url":"https:\/\/souvenirexpoturkiye.com.tr\/en\/","logo":{"@type":"ImageObject","inLanguage":"en-US","@id":"https:\/\/souvenirexpoturkiye.com.tr\/en\/#\/schema\/logo\/image\/","url":"https:\/\/souvenirexpoturkiye.com.tr\/wp-content\/uploads\/2024\/09\/SOUVENIR-2024-LOGO_2.png","contentUrl":"https:\/\/souvenirexpoturkiye.com.tr\/wp-content\/uploads\/2024\/09\/SOUVENIR-2024-LOGO_2.png","width":2640,"height":1314,"caption":"D\u00dcNYANIN EN BA\u015eARILI SOUVENIR FUARI T\u00dcRK\u0130YE'DE Yunanistan'da 1984 y\u0131l\u0131ndan bu yana d\u00fczenli olarak her y\u0131l organize edilen, bug\u00fcne kadar bir\u00e7ok T\u00fcrk ..."},"image":{"@id":"https:\/\/souvenirexpoturkiye.com.tr\/en\/#\/schema\/logo\/image\/"},"sameAs":["https:\/\/www.facebook.com\/souvenirexpoturkiye","https:\/\/x.com\/souvenirexpotr","https:\/\/www.instagram.com\/souvenirexpoturkiye\/"]}]}},"_links":{"self":[{"href":"https:\/\/souvenirexpoturkiye.com.tr\/en\/wp-json\/wp\/v2\/pages\/1388","targetHints":{"allow":["GET"]}}],"collection":[{"href":"https:\/\/souvenirexpoturkiye.com.tr\/en\/wp-json\/wp\/v2\/pages"}],"about":[{"href":"https:\/\/souvenirexpoturkiye.com.tr\/en\/wp-json\/wp\/v2\/types\/page"}],"author":[{"embeddable":true,"href":"https:\/\/souvenirexpoturkiye.com.tr\/en\/wp-json\/wp\/v2\/users\/1"}],"replies":[{"embeddable":true,"href":"https:\/\/souvenirexpoturkiye.com.tr\/en\/wp-json\/wp\/v2\/comments?post=1388"}],"version-history":[{"count":10,"href":"https:\/\/souvenirexpoturkiye.com.tr\/en\/wp-json\/wp\/v2\/pages\/1388\/revisions"}],"predecessor-version":[{"id":2788,"href":"https:\/\/souvenirexpoturkiye.com.tr\/en\/wp-json\/wp\/v2\/pages\/1388\/revisions\/2788"}],"wp:attachment":[{"href":"https:\/\/souvenirexpoturkiye.com.tr\/en\/wp-json\/wp\/v2\/media?parent=1388"}],"curies":[{"name":"wp","href":"https:\/\/api.w.org\/{rel}","templated":true}]}}