{"id":1393,"date":"2024-09-05T13:03:05","date_gmt":"2024-09-05T13:03:05","guid":{"rendered":"https:\/\/souvenirexpoturkiye.com.tr\/why-ifm\/"},"modified":"2026-03-02T13:36:50","modified_gmt":"2026-03-02T13:36:50","slug":"why-yenikapi","status":"publish","type":"page","link":"https:\/\/souvenirexpoturkiye.com.tr\/en\/why-yenikapi\/","title":{"rendered":"Why Yenikap\u0131?"},"content":{"rendered":"\t\t<div data-elementor-type=\"wp-page\" data-elementor-id=\"1393\" class=\"elementor elementor-1393 elementor-771\" data-elementor-post-type=\"page\">\n\t\t\t\t<div class=\"elementor-element elementor-element-cec9be1 e-flex e-con-boxed e-con e-parent\" data-id=\"cec9be1\" data-element_type=\"container\" data-settings=\"{&quot;background_background&quot;:&quot;classic&quot;,&quot;jet_parallax_layout_list&quot;:[]}\">\n\t\t\t\t\t<div class=\"e-con-inner\">\n\t\t\t\t<div class=\"elementor-element elementor-element-0cc7671 elementor-widget elementor-widget-heading\" data-id=\"0cc7671\" data-element_type=\"widget\" data-widget_type=\"heading.default\">\n\t\t\t\t<div class=\"elementor-widget-container\">\n\t\t\t\t\t<h2 class=\"elementor-heading-title elementor-size-default\">Why Yenikap\u0131?<\/h2>\t\t\t\t<\/div>\n\t\t\t\t<\/div>\n\t\t\t\t\t<\/div>\n\t\t\t\t<\/div>\n\t\t<div class=\"elementor-element elementor-element-44ea801 e-flex e-con-boxed e-con e-parent\" data-id=\"44ea801\" data-element_type=\"container\" data-settings=\"{&quot;jet_parallax_layout_list&quot;:[]}\">\n\t\t\t\t\t<div class=\"e-con-inner\">\n\t\t<div class=\"elementor-element elementor-element-90fc574 e-con-full e-flex e-con e-child\" data-id=\"90fc574\" data-element_type=\"container\" data-settings=\"{&quot;jet_parallax_layout_list&quot;:[]}\">\n\t\t<div class=\"elementor-element elementor-element-066b1da e-con-full e-flex e-con e-child\" data-id=\"066b1da\" data-element_type=\"container\" data-settings=\"{&quot;jet_parallax_layout_list&quot;:[]}\">\n\t\t\t\t<div class=\"elementor-element elementor-element-ca1340a elementor-widget elementor-widget-text-editor\" data-id=\"ca1340a\" data-element_type=\"widget\" data-widget_type=\"text-editor.default\">\n\t\t\t\t<div class=\"elementor-widget-container\">\n\t\t\t\t\t\t\t\t\t<p>Souvenir Expo T\u00fcrkiye has moved to the Yenikap\u0131 Exhibition Centre in line with its growing structure and increasing international goals.<br \/>The Yenikap\u0131 Exhibition Centre stands out for its proximity to the Historical Peninsula, the heart of the souvenir industry. Located just minutes away from the Grand Bazaar, Emin\u00f6n\u00fc, Tahtakale and tourist sales points, it offers a direct trade advantage for manufacturers and wholesalers.<\/p><p>Central location: Easy access from anywhere in Istanbul via metro, Marmaray and sea transport<\/p><p>High visitor potential: One of the city&#8217;s busiest transport and pedestrian routes<\/p><p>Spacious and flexible areas: Ideal infrastructure for large-scale fairs<\/p><p>International perception: A strong location hosting prestigious events<\/p><p>Yenikap\u0131 offers Souvenir Expo participants greater visibility and visitors a more powerful fair experience.<\/p>\t\t\t\t\t\t\t\t<\/div>\n\t\t\t\t<\/div>\n\t\t\t\t<\/div>\n\t\t<div class=\"elementor-element elementor-element-da961c1 e-con-full e-flex e-con e-child\" data-id=\"da961c1\" data-element_type=\"container\" data-settings=\"{&quot;jet_parallax_layout_list&quot;:[]}\">\n\t\t\t\t<div class=\"elementor-element elementor-element-cbcc0bc elementor-widget elementor-widget-image\" data-id=\"cbcc0bc\" data-element_type=\"widget\" data-widget_type=\"image.default\">\n\t\t\t\t<div class=\"elementor-widget-container\">\n\t\t\t\t\t\t\t\t\t\t\t\t\t\t\t<img fetchpriority=\"high\" decoding=\"async\" width=\"800\" height=\"343\" src=\"https:\/\/souvenirexpoturkiye.com.tr\/wp-content\/uploads\/2024\/09\/ifm-1024x439.jpg\" class=\"attachment-large size-large wp-image-1323\" alt=\"\" srcset=\"https:\/\/souvenirexpoturkiye.com.tr\/wp-content\/uploads\/2024\/09\/ifm-1024x439.jpg 1024w, https:\/\/souvenirexpoturkiye.com.tr\/wp-content\/uploads\/2024\/09\/ifm-300x129.jpg 300w, https:\/\/souvenirexpoturkiye.com.tr\/wp-content\/uploads\/2024\/09\/ifm-768x329.jpg 768w, https:\/\/souvenirexpoturkiye.com.tr\/wp-content\/uploads\/2024\/09\/ifm.jpg 1400w\" sizes=\"(max-width: 800px) 100vw, 800px\" \/>\t\t\t\t\t\t\t\t\t\t\t\t\t\t\t<\/div>\n\t\t\t\t<\/div>\n\t\t\t\t<\/div>\n\t\t\t\t<\/div>\n\t\t\t\t\t<\/div>\n\t\t\t\t<\/div>\n\t\t\t\t<\/div>\n\t\t","protected":false},"excerpt":{"rendered":"<p>Souvenir Expo T\u00fcrkiye has moved to the Yenikap\u0131 Exhibition Centre in line with its growing structure and increasing international goals.The Yenikap\u0131 Exhibition Centre stands out for its proximity to the Historical Peninsula, the heart of the souvenir industry. Located just minutes away from the Grand Bazaar, Emin\u00f6n\u00fc, Tahtakale and tourist sales points, it offers a [&hellip;]<\/p>\n","protected":false},"author":1,"featured_media":0,"parent":0,"menu_order":0,"comment_status":"closed","ping_status":"closed","template":"","meta":{"footnotes":""},"class_list":["post-1393","page","type-page","status-publish","hentry"],"yoast_head":"<!-- This site is optimized with the Yoast SEO plugin v25.3.1 - https:\/\/yoast.com\/wordpress\/plugins\/seo\/ -->\n<title>Why Yenikap\u0131? - Souvenir Expo Turkiye<\/title>\n<meta name=\"robots\" content=\"index, follow, max-snippet:-1, max-image-preview:large, max-video-preview:-1\" \/>\n<link rel=\"canonical\" href=\"https:\/\/souvenirexpoturkiye.com.tr\/en\/why-yenikapi\/\" \/>\n<meta property=\"og:locale\" content=\"en_US\" \/>\n<meta property=\"og:type\" content=\"article\" \/>\n<meta property=\"og:title\" content=\"Why Yenikap\u0131? - Souvenir Expo Turkiye\" \/>\n<meta property=\"og:description\" content=\"Souvenir Expo T\u00fcrkiye has moved to the Yenikap\u0131 Exhibition Centre in line with its growing structure and increasing international goals.The Yenikap\u0131 Exhibition Centre stands out for its proximity to the Historical Peninsula, the heart of the souvenir industry. Located just minutes away from the Grand Bazaar, Emin\u00f6n\u00fc, Tahtakale and tourist sales points, it offers a [&hellip;]\" \/>\n<meta property=\"og:url\" content=\"https:\/\/souvenirexpoturkiye.com.tr\/en\/why-yenikapi\/\" \/>\n<meta property=\"og:site_name\" content=\"Souvenir Expo Turkiye\" \/>\n<meta property=\"article:publisher\" content=\"https:\/\/www.facebook.com\/souvenirexpoturkiye\" \/>\n<meta property=\"article:modified_time\" content=\"2026-03-02T13:36:50+00:00\" \/>\n<meta property=\"og:image\" content=\"https:\/\/souvenirexpoturkiye.com.tr\/wp-content\/uploads\/2024\/09\/ifm.jpg\" \/>\n\t<meta property=\"og:image:width\" content=\"1400\" \/>\n\t<meta property=\"og:image:height\" content=\"600\" \/>\n\t<meta property=\"og:image:type\" content=\"image\/jpeg\" \/>\n<meta name=\"twitter:card\" content=\"summary_large_image\" \/>\n<meta name=\"twitter:site\" content=\"@souvenirexpotr\" \/>\n<meta name=\"twitter:label1\" content=\"Est. reading time\" \/>\n\t<meta name=\"twitter:data1\" content=\"1 minute\" \/>\n<script type=\"application\/ld+json\" class=\"yoast-schema-graph\">{\"@context\":\"https:\/\/schema.org\",\"@graph\":[{\"@type\":\"WebPage\",\"@id\":\"https:\/\/souvenirexpoturkiye.com.tr\/en\/why-yenikapi\/\",\"url\":\"https:\/\/souvenirexpoturkiye.com.tr\/en\/why-yenikapi\/\",\"name\":\"Why Yenikap\u0131? - Souvenir Expo Turkiye\",\"isPartOf\":{\"@id\":\"https:\/\/souvenirexpoturkiye.com.tr\/en\/#website\"},\"primaryImageOfPage\":{\"@id\":\"https:\/\/souvenirexpoturkiye.com.tr\/en\/why-yenikapi\/#primaryimage\"},\"image\":{\"@id\":\"https:\/\/souvenirexpoturkiye.com.tr\/en\/why-yenikapi\/#primaryimage\"},\"thumbnailUrl\":\"https:\/\/souvenirexpoturkiye.com.tr\/wp-content\/uploads\/2024\/09\/ifm-1024x439.jpg\",\"datePublished\":\"2024-09-05T13:03:05+00:00\",\"dateModified\":\"2026-03-02T13:36:50+00:00\",\"breadcrumb\":{\"@id\":\"https:\/\/souvenirexpoturkiye.com.tr\/en\/why-yenikapi\/#breadcrumb\"},\"inLanguage\":\"en-US\",\"potentialAction\":[{\"@type\":\"ReadAction\",\"target\":[\"https:\/\/souvenirexpoturkiye.com.tr\/en\/why-yenikapi\/\"]}]},{\"@type\":\"ImageObject\",\"inLanguage\":\"en-US\",\"@id\":\"https:\/\/souvenirexpoturkiye.com.tr\/en\/why-yenikapi\/#primaryimage\",\"url\":\"https:\/\/souvenirexpoturkiye.com.tr\/wp-content\/uploads\/2024\/09\/ifm-1024x439.jpg\",\"contentUrl\":\"https:\/\/souvenirexpoturkiye.com.tr\/wp-content\/uploads\/2024\/09\/ifm-1024x439.jpg\"},{\"@type\":\"BreadcrumbList\",\"@id\":\"https:\/\/souvenirexpoturkiye.com.tr\/en\/why-yenikapi\/#breadcrumb\",\"itemListElement\":[{\"@type\":\"ListItem\",\"position\":1,\"name\":\"Home\",\"item\":\"https:\/\/souvenirexpoturkiye.com.tr\/en\/\"},{\"@type\":\"ListItem\",\"position\":2,\"name\":\"Why Yenikap\u0131?\"}]},{\"@type\":\"WebSite\",\"@id\":\"https:\/\/souvenirexpoturkiye.com.tr\/en\/#website\",\"url\":\"https:\/\/souvenirexpoturkiye.com.tr\/en\/\",\"name\":\"Souvenir Expo Turkiye\",\"description\":\"D\u00dcNYANIN EN BA\u015eARILI SOUVENIR FUARI T\u00dcRK\u0130YE&#039;DE\",\"publisher\":{\"@id\":\"https:\/\/souvenirexpoturkiye.com.tr\/en\/#organization\"},\"potentialAction\":[{\"@type\":\"SearchAction\",\"target\":{\"@type\":\"EntryPoint\",\"urlTemplate\":\"https:\/\/souvenirexpoturkiye.com.tr\/en\/?s={search_term_string}\"},\"query-input\":{\"@type\":\"PropertyValueSpecification\",\"valueRequired\":true,\"valueName\":\"search_term_string\"}}],\"inLanguage\":\"en-US\"},{\"@type\":\"Organization\",\"@id\":\"https:\/\/souvenirexpoturkiye.com.tr\/en\/#organization\",\"name\":\"D\u00dcNYANIN EN BA\u015eARILI SOUVENIR FUARI T\u00dcRK\u0130YE'DE Yunanistan'da 1984 y\u0131l\u0131ndan bu yana d\u00fczenli olarak her y\u0131l organize edilen, bug\u00fcne kadar bir\u00e7ok T\u00fcrk ...\",\"url\":\"https:\/\/souvenirexpoturkiye.com.tr\/en\/\",\"logo\":{\"@type\":\"ImageObject\",\"inLanguage\":\"en-US\",\"@id\":\"https:\/\/souvenirexpoturkiye.com.tr\/en\/#\/schema\/logo\/image\/\",\"url\":\"https:\/\/souvenirexpoturkiye.com.tr\/wp-content\/uploads\/2024\/09\/SOUVENIR-2024-LOGO_2.png\",\"contentUrl\":\"https:\/\/souvenirexpoturkiye.com.tr\/wp-content\/uploads\/2024\/09\/SOUVENIR-2024-LOGO_2.png\",\"width\":2640,\"height\":1314,\"caption\":\"D\u00dcNYANIN EN BA\u015eARILI SOUVENIR FUARI T\u00dcRK\u0130YE'DE Yunanistan'da 1984 y\u0131l\u0131ndan bu yana d\u00fczenli olarak her y\u0131l organize edilen, bug\u00fcne kadar bir\u00e7ok T\u00fcrk ...\"},\"image\":{\"@id\":\"https:\/\/souvenirexpoturkiye.com.tr\/en\/#\/schema\/logo\/image\/\"},\"sameAs\":[\"https:\/\/www.facebook.com\/souvenirexpoturkiye\",\"https:\/\/x.com\/souvenirexpotr\",\"https:\/\/www.instagram.com\/souvenirexpoturkiye\/\"]}]}<\/script>\n<!-- \/ Yoast SEO plugin. -->","yoast_head_json":{"title":"Why Yenikap\u0131? - Souvenir Expo Turkiye","robots":{"index":"index","follow":"follow","max-snippet":"max-snippet:-1","max-image-preview":"max-image-preview:large","max-video-preview":"max-video-preview:-1"},"canonical":"https:\/\/souvenirexpoturkiye.com.tr\/en\/why-yenikapi\/","og_locale":"en_US","og_type":"article","og_title":"Why Yenikap\u0131? - Souvenir Expo Turkiye","og_description":"Souvenir Expo T\u00fcrkiye has moved to the Yenikap\u0131 Exhibition Centre in line with its growing structure and increasing international goals.The Yenikap\u0131 Exhibition Centre stands out for its proximity to the Historical Peninsula, the heart of the souvenir industry. Located just minutes away from the Grand Bazaar, Emin\u00f6n\u00fc, Tahtakale and tourist sales points, it offers a [&hellip;]","og_url":"https:\/\/souvenirexpoturkiye.com.tr\/en\/why-yenikapi\/","og_site_name":"Souvenir Expo Turkiye","article_publisher":"https:\/\/www.facebook.com\/souvenirexpoturkiye","article_modified_time":"2026-03-02T13:36:50+00:00","og_image":[{"width":1400,"height":600,"url":"https:\/\/souvenirexpoturkiye.com.tr\/wp-content\/uploads\/2024\/09\/ifm.jpg","type":"image\/jpeg"}],"twitter_card":"summary_large_image","twitter_site":"@souvenirexpotr","twitter_misc":{"Est. reading time":"1 minute"},"schema":{"@context":"https:\/\/schema.org","@graph":[{"@type":"WebPage","@id":"https:\/\/souvenirexpoturkiye.com.tr\/en\/why-yenikapi\/","url":"https:\/\/souvenirexpoturkiye.com.tr\/en\/why-yenikapi\/","name":"Why Yenikap\u0131? - Souvenir Expo Turkiye","isPartOf":{"@id":"https:\/\/souvenirexpoturkiye.com.tr\/en\/#website"},"primaryImageOfPage":{"@id":"https:\/\/souvenirexpoturkiye.com.tr\/en\/why-yenikapi\/#primaryimage"},"image":{"@id":"https:\/\/souvenirexpoturkiye.com.tr\/en\/why-yenikapi\/#primaryimage"},"thumbnailUrl":"https:\/\/souvenirexpoturkiye.com.tr\/wp-content\/uploads\/2024\/09\/ifm-1024x439.jpg","datePublished":"2024-09-05T13:03:05+00:00","dateModified":"2026-03-02T13:36:50+00:00","breadcrumb":{"@id":"https:\/\/souvenirexpoturkiye.com.tr\/en\/why-yenikapi\/#breadcrumb"},"inLanguage":"en-US","potentialAction":[{"@type":"ReadAction","target":["https:\/\/souvenirexpoturkiye.com.tr\/en\/why-yenikapi\/"]}]},{"@type":"ImageObject","inLanguage":"en-US","@id":"https:\/\/souvenirexpoturkiye.com.tr\/en\/why-yenikapi\/#primaryimage","url":"https:\/\/souvenirexpoturkiye.com.tr\/wp-content\/uploads\/2024\/09\/ifm-1024x439.jpg","contentUrl":"https:\/\/souvenirexpoturkiye.com.tr\/wp-content\/uploads\/2024\/09\/ifm-1024x439.jpg"},{"@type":"BreadcrumbList","@id":"https:\/\/souvenirexpoturkiye.com.tr\/en\/why-yenikapi\/#breadcrumb","itemListElement":[{"@type":"ListItem","position":1,"name":"Home","item":"https:\/\/souvenirexpoturkiye.com.tr\/en\/"},{"@type":"ListItem","position":2,"name":"Why Yenikap\u0131?"}]},{"@type":"WebSite","@id":"https:\/\/souvenirexpoturkiye.com.tr\/en\/#website","url":"https:\/\/souvenirexpoturkiye.com.tr\/en\/","name":"Souvenir Expo Turkiye","description":"D\u00dcNYANIN EN BA\u015eARILI SOUVENIR FUARI T\u00dcRK\u0130YE&#039;DE","publisher":{"@id":"https:\/\/souvenirexpoturkiye.com.tr\/en\/#organization"},"potentialAction":[{"@type":"SearchAction","target":{"@type":"EntryPoint","urlTemplate":"https:\/\/souvenirexpoturkiye.com.tr\/en\/?s={search_term_string}"},"query-input":{"@type":"PropertyValueSpecification","valueRequired":true,"valueName":"search_term_string"}}],"inLanguage":"en-US"},{"@type":"Organization","@id":"https:\/\/souvenirexpoturkiye.com.tr\/en\/#organization","name":"D\u00dcNYANIN EN BA\u015eARILI SOUVENIR FUARI T\u00dcRK\u0130YE'DE Yunanistan'da 1984 y\u0131l\u0131ndan bu yana d\u00fczenli olarak her y\u0131l organize edilen, bug\u00fcne kadar bir\u00e7ok T\u00fcrk ...","url":"https:\/\/souvenirexpoturkiye.com.tr\/en\/","logo":{"@type":"ImageObject","inLanguage":"en-US","@id":"https:\/\/souvenirexpoturkiye.com.tr\/en\/#\/schema\/logo\/image\/","url":"https:\/\/souvenirexpoturkiye.com.tr\/wp-content\/uploads\/2024\/09\/SOUVENIR-2024-LOGO_2.png","contentUrl":"https:\/\/souvenirexpoturkiye.com.tr\/wp-content\/uploads\/2024\/09\/SOUVENIR-2024-LOGO_2.png","width":2640,"height":1314,"caption":"D\u00dcNYANIN EN BA\u015eARILI SOUVENIR FUARI T\u00dcRK\u0130YE'DE Yunanistan'da 1984 y\u0131l\u0131ndan bu yana d\u00fczenli olarak her y\u0131l organize edilen, bug\u00fcne kadar bir\u00e7ok T\u00fcrk ..."},"image":{"@id":"https:\/\/souvenirexpoturkiye.com.tr\/en\/#\/schema\/logo\/image\/"},"sameAs":["https:\/\/www.facebook.com\/souvenirexpoturkiye","https:\/\/x.com\/souvenirexpotr","https:\/\/www.instagram.com\/souvenirexpoturkiye\/"]}]}},"_links":{"self":[{"href":"https:\/\/souvenirexpoturkiye.com.tr\/en\/wp-json\/wp\/v2\/pages\/1393","targetHints":{"allow":["GET"]}}],"collection":[{"href":"https:\/\/souvenirexpoturkiye.com.tr\/en\/wp-json\/wp\/v2\/pages"}],"about":[{"href":"https:\/\/souvenirexpoturkiye.com.tr\/en\/wp-json\/wp\/v2\/types\/page"}],"author":[{"embeddable":true,"href":"https:\/\/souvenirexpoturkiye.com.tr\/en\/wp-json\/wp\/v2\/users\/1"}],"replies":[{"embeddable":true,"href":"https:\/\/souvenirexpoturkiye.com.tr\/en\/wp-json\/wp\/v2\/comments?post=1393"}],"version-history":[{"count":14,"href":"https:\/\/souvenirexpoturkiye.com.tr\/en\/wp-json\/wp\/v2\/pages\/1393\/revisions"}],"predecessor-version":[{"id":6959,"href":"https:\/\/souvenirexpoturkiye.com.tr\/en\/wp-json\/wp\/v2\/pages\/1393\/revisions\/6959"}],"wp:attachment":[{"href":"https:\/\/souvenirexpoturkiye.com.tr\/en\/wp-json\/wp\/v2\/media?parent=1393"}],"curies":[{"name":"wp","href":"https:\/\/api.w.org\/{rel}","templated":true}]}}