{"id":1398,"date":"2024-09-05T13:15:37","date_gmt":"2024-09-05T13:15:37","guid":{"rendered":"https:\/\/souvenirexpoturkiye.com.tr\/why-is-souvenir-expo-in-istanbul\/"},"modified":"2024-09-10T13:56:43","modified_gmt":"2024-09-10T13:56:43","slug":"why-is-souvenir-expo-in-istanbul","status":"publish","type":"page","link":"https:\/\/souvenirexpoturkiye.com.tr\/en\/why-is-souvenir-expo-in-istanbul\/","title":{"rendered":"Why is Souvenir Expo in Istanbul?"},"content":{"rendered":"\t\t<div data-elementor-type=\"wp-page\" data-elementor-id=\"1398\" class=\"elementor elementor-1398 elementor-787\" data-elementor-post-type=\"page\">\n\t\t\t\t<div class=\"elementor-element elementor-element-8f458b6 e-flex e-con-boxed e-con e-parent\" data-id=\"8f458b6\" data-element_type=\"container\" data-settings=\"{&quot;background_background&quot;:&quot;classic&quot;,&quot;jet_parallax_layout_list&quot;:[]}\">\n\t\t\t\t\t<div class=\"e-con-inner\">\n\t\t\t\t<div class=\"elementor-element elementor-element-bae41f5 elementor-widget elementor-widget-heading\" data-id=\"bae41f5\" data-element_type=\"widget\" data-widget_type=\"heading.default\">\n\t\t\t\t<div class=\"elementor-widget-container\">\n\t\t\t\t\t<h2 class=\"elementor-heading-title elementor-size-default\">Why is Souvenir Expo in Istanbul?<\/h2>\t\t\t\t<\/div>\n\t\t\t\t<\/div>\n\t\t\t\t\t<\/div>\n\t\t\t\t<\/div>\n\t\t<div class=\"elementor-element elementor-element-db2400c e-flex e-con-boxed e-con e-parent\" data-id=\"db2400c\" data-element_type=\"container\" data-settings=\"{&quot;jet_parallax_layout_list&quot;:[]}\">\n\t\t\t\t\t<div class=\"e-con-inner\">\n\t\t<div class=\"elementor-element elementor-element-5425408 e-con-full e-flex e-con e-child\" data-id=\"5425408\" data-element_type=\"container\" data-settings=\"{&quot;jet_parallax_layout_list&quot;:[]}\">\n\t\t<div class=\"elementor-element elementor-element-23400d5 e-con-full e-flex e-con e-child\" data-id=\"23400d5\" data-element_type=\"container\" data-settings=\"{&quot;jet_parallax_layout_list&quot;:[]}\">\n\t\t\t\t<div class=\"elementor-element elementor-element-85a831e elementor-widget elementor-widget-text-editor\" data-id=\"85a831e\" data-element_type=\"widget\" data-widget_type=\"text-editor.default\">\n\t\t\t\t<div class=\"elementor-widget-container\">\n\t\t\t\t\t\t\t\t\t<p><span style=\"font-weight: 400;\">Turkey&#8217;s location at the crossroads of three continents\u2014Europe, Asia, and the Middle East\u2014offers easy access to these key markets. This strategic position provides participants and visitors with a wide opportunity to establish a broad trade network.  <\/span><\/p>\n<p><span style=\"font-weight: 400;\">With regular flights from Turkish Airlines and many other carriers to Istanbul Airport and Sabiha G\u00f6k\u00e7en Airport, Istanbul has become one of the most accessible cities in the world.<\/span><\/p>\n<p><span style=\"font-weight: 400;\">Istanbul itself, a city that has long been a hub of commerce and culture, is a vibrant, dynamic metropolis that attracts business professionals from all over the world. It is a colorful, multilingual city with a rich history. <\/span><\/p>\n<p><span style=\"font-weight: 400;\">Combining modern infrastructure with rich cultural heritage, Istanbul offers exhibitors a unique experience. Fairs held in Istanbul not only provide the opportunity to stay up-to-date with the latest trends and innovations in your industry but also serve as an ideal platform for fostering international business collaborations. <\/span><\/p>\n\t\t\t\t\t\t\t\t<\/div>\n\t\t\t\t<\/div>\n\t\t\t\t<\/div>\n\t\t<div class=\"elementor-element elementor-element-c1ae5ec e-con-full e-flex e-con e-child\" data-id=\"c1ae5ec\" data-element_type=\"container\" data-settings=\"{&quot;jet_parallax_layout_list&quot;:[]}\">\n\t\t\t\t<div class=\"elementor-element elementor-element-7be8767 elementor-widget elementor-widget-image\" data-id=\"7be8767\" data-element_type=\"widget\" data-widget_type=\"image.default\">\n\t\t\t\t<div class=\"elementor-widget-container\">\n\t\t\t\t\t\t\t\t\t\t\t\t\t\t\t<img fetchpriority=\"high\" decoding=\"async\" width=\"754\" height=\"464\" src=\"https:\/\/souvenirexpoturkiye.com.tr\/wp-content\/uploads\/2024\/09\/image-127.png\" class=\"attachment-large size-large wp-image-1325\" alt=\"\" srcset=\"https:\/\/souvenirexpoturkiye.com.tr\/wp-content\/uploads\/2024\/09\/image-127.png 754w, https:\/\/souvenirexpoturkiye.com.tr\/wp-content\/uploads\/2024\/09\/image-127-300x185.png 300w\" sizes=\"(max-width: 754px) 100vw, 754px\" \/>\t\t\t\t\t\t\t\t\t\t\t\t\t\t\t<\/div>\n\t\t\t\t<\/div>\n\t\t\t\t<\/div>\n\t\t\t\t<\/div>\n\t\t\t\t\t<\/div>\n\t\t\t\t<\/div>\n\t\t\t\t<\/div>\n\t\t","protected":false},"excerpt":{"rendered":"<p>Turkey&#8217;s location at the crossroads of three continents\u2014Europe, Asia, and the Middle East\u2014offers easy access to these key markets. This strategic position provides participants and visitors with a wide opportunity to establish a broad trade network. With regular flights from Turkish Airlines and many other carriers to Istanbul Airport and Sabiha G\u00f6k\u00e7en Airport, Istanbul has [&hellip;]<\/p>\n","protected":false},"author":1,"featured_media":0,"parent":0,"menu_order":0,"comment_status":"closed","ping_status":"closed","template":"","meta":{"footnotes":""},"class_list":["post-1398","page","type-page","status-publish","hentry"],"yoast_head":"<!-- This site is optimized with the Yoast SEO plugin v25.3.1 - https:\/\/yoast.com\/wordpress\/plugins\/seo\/ -->\n<title>Why is Souvenir Expo in Istanbul? - Souvenir Expo Turkiye<\/title>\n<meta name=\"robots\" content=\"index, follow, max-snippet:-1, max-image-preview:large, max-video-preview:-1\" \/>\n<link rel=\"canonical\" href=\"https:\/\/souvenirexpoturkiye.com.tr\/en\/why-is-souvenir-expo-in-istanbul\/\" \/>\n<meta property=\"og:locale\" content=\"en_US\" \/>\n<meta property=\"og:type\" content=\"article\" \/>\n<meta property=\"og:title\" content=\"Why is Souvenir Expo in Istanbul? - Souvenir Expo Turkiye\" \/>\n<meta property=\"og:description\" content=\"Turkey&#8217;s location at the crossroads of three continents\u2014Europe, Asia, and the Middle East\u2014offers easy access to these key markets. This strategic position provides participants and visitors with a wide opportunity to establish a broad trade network. With regular flights from Turkish Airlines and many other carriers to Istanbul Airport and Sabiha G\u00f6k\u00e7en Airport, Istanbul has [&hellip;]\" \/>\n<meta property=\"og:url\" content=\"https:\/\/souvenirexpoturkiye.com.tr\/en\/why-is-souvenir-expo-in-istanbul\/\" \/>\n<meta property=\"og:site_name\" content=\"Souvenir Expo Turkiye\" \/>\n<meta property=\"article:publisher\" content=\"https:\/\/www.facebook.com\/souvenirexpoturkiye\" \/>\n<meta property=\"article:modified_time\" content=\"2024-09-10T13:56:43+00:00\" \/>\n<meta property=\"og:image\" content=\"https:\/\/souvenirexpoturkiye.com.tr\/wp-content\/uploads\/2024\/09\/image-127.png\" \/>\n<meta name=\"twitter:card\" content=\"summary_large_image\" \/>\n<meta name=\"twitter:site\" content=\"@souvenirexpotr\" \/>\n<meta name=\"twitter:label1\" content=\"Est. reading time\" \/>\n\t<meta name=\"twitter:data1\" content=\"1 minute\" \/>\n<script type=\"application\/ld+json\" class=\"yoast-schema-graph\">{\"@context\":\"https:\/\/schema.org\",\"@graph\":[{\"@type\":\"WebPage\",\"@id\":\"https:\/\/souvenirexpoturkiye.com.tr\/en\/why-is-souvenir-expo-in-istanbul\/\",\"url\":\"https:\/\/souvenirexpoturkiye.com.tr\/en\/why-is-souvenir-expo-in-istanbul\/\",\"name\":\"Why is Souvenir Expo in Istanbul? - Souvenir Expo Turkiye\",\"isPartOf\":{\"@id\":\"https:\/\/souvenirexpoturkiye.com.tr\/en\/#website\"},\"primaryImageOfPage\":{\"@id\":\"https:\/\/souvenirexpoturkiye.com.tr\/en\/why-is-souvenir-expo-in-istanbul\/#primaryimage\"},\"image\":{\"@id\":\"https:\/\/souvenirexpoturkiye.com.tr\/en\/why-is-souvenir-expo-in-istanbul\/#primaryimage\"},\"thumbnailUrl\":\"https:\/\/souvenirexpoturkiye.com.tr\/wp-content\/uploads\/2024\/09\/image-127.png\",\"datePublished\":\"2024-09-05T13:15:37+00:00\",\"dateModified\":\"2024-09-10T13:56:43+00:00\",\"breadcrumb\":{\"@id\":\"https:\/\/souvenirexpoturkiye.com.tr\/en\/why-is-souvenir-expo-in-istanbul\/#breadcrumb\"},\"inLanguage\":\"en-US\",\"potentialAction\":[{\"@type\":\"ReadAction\",\"target\":[\"https:\/\/souvenirexpoturkiye.com.tr\/en\/why-is-souvenir-expo-in-istanbul\/\"]}]},{\"@type\":\"ImageObject\",\"inLanguage\":\"en-US\",\"@id\":\"https:\/\/souvenirexpoturkiye.com.tr\/en\/why-is-souvenir-expo-in-istanbul\/#primaryimage\",\"url\":\"https:\/\/souvenirexpoturkiye.com.tr\/wp-content\/uploads\/2024\/09\/image-127.png\",\"contentUrl\":\"https:\/\/souvenirexpoturkiye.com.tr\/wp-content\/uploads\/2024\/09\/image-127.png\"},{\"@type\":\"BreadcrumbList\",\"@id\":\"https:\/\/souvenirexpoturkiye.com.tr\/en\/why-is-souvenir-expo-in-istanbul\/#breadcrumb\",\"itemListElement\":[{\"@type\":\"ListItem\",\"position\":1,\"name\":\"Home\",\"item\":\"https:\/\/souvenirexpoturkiye.com.tr\/en\/\"},{\"@type\":\"ListItem\",\"position\":2,\"name\":\"Why is Souvenir Expo in Istanbul?\"}]},{\"@type\":\"WebSite\",\"@id\":\"https:\/\/souvenirexpoturkiye.com.tr\/en\/#website\",\"url\":\"https:\/\/souvenirexpoturkiye.com.tr\/en\/\",\"name\":\"Souvenir Expo Turkiye\",\"description\":\"D\u00dcNYANIN EN BA\u015eARILI SOUVENIR FUARI T\u00dcRK\u0130YE&#039;DE\",\"publisher\":{\"@id\":\"https:\/\/souvenirexpoturkiye.com.tr\/en\/#organization\"},\"potentialAction\":[{\"@type\":\"SearchAction\",\"target\":{\"@type\":\"EntryPoint\",\"urlTemplate\":\"https:\/\/souvenirexpoturkiye.com.tr\/en\/?s={search_term_string}\"},\"query-input\":{\"@type\":\"PropertyValueSpecification\",\"valueRequired\":true,\"valueName\":\"search_term_string\"}}],\"inLanguage\":\"en-US\"},{\"@type\":\"Organization\",\"@id\":\"https:\/\/souvenirexpoturkiye.com.tr\/en\/#organization\",\"name\":\"D\u00dcNYANIN EN BA\u015eARILI SOUVENIR FUARI T\u00dcRK\u0130YE'DE Yunanistan'da 1984 y\u0131l\u0131ndan bu yana d\u00fczenli olarak her y\u0131l organize edilen, bug\u00fcne kadar bir\u00e7ok T\u00fcrk ...\",\"url\":\"https:\/\/souvenirexpoturkiye.com.tr\/en\/\",\"logo\":{\"@type\":\"ImageObject\",\"inLanguage\":\"en-US\",\"@id\":\"https:\/\/souvenirexpoturkiye.com.tr\/en\/#\/schema\/logo\/image\/\",\"url\":\"https:\/\/souvenirexpoturkiye.com.tr\/wp-content\/uploads\/2024\/09\/SOUVENIR-2024-LOGO_2.png\",\"contentUrl\":\"https:\/\/souvenirexpoturkiye.com.tr\/wp-content\/uploads\/2024\/09\/SOUVENIR-2024-LOGO_2.png\",\"width\":2640,\"height\":1314,\"caption\":\"D\u00dcNYANIN EN BA\u015eARILI SOUVENIR FUARI T\u00dcRK\u0130YE'DE Yunanistan'da 1984 y\u0131l\u0131ndan bu yana d\u00fczenli olarak her y\u0131l organize edilen, bug\u00fcne kadar bir\u00e7ok T\u00fcrk ...\"},\"image\":{\"@id\":\"https:\/\/souvenirexpoturkiye.com.tr\/en\/#\/schema\/logo\/image\/\"},\"sameAs\":[\"https:\/\/www.facebook.com\/souvenirexpoturkiye\",\"https:\/\/x.com\/souvenirexpotr\",\"https:\/\/www.instagram.com\/souvenirexpoturkiye\/\"]}]}<\/script>\n<!-- \/ Yoast SEO plugin. -->","yoast_head_json":{"title":"Why is Souvenir Expo in Istanbul? - Souvenir Expo Turkiye","robots":{"index":"index","follow":"follow","max-snippet":"max-snippet:-1","max-image-preview":"max-image-preview:large","max-video-preview":"max-video-preview:-1"},"canonical":"https:\/\/souvenirexpoturkiye.com.tr\/en\/why-is-souvenir-expo-in-istanbul\/","og_locale":"en_US","og_type":"article","og_title":"Why is Souvenir Expo in Istanbul? - Souvenir Expo Turkiye","og_description":"Turkey&#8217;s location at the crossroads of three continents\u2014Europe, Asia, and the Middle East\u2014offers easy access to these key markets. This strategic position provides participants and visitors with a wide opportunity to establish a broad trade network. With regular flights from Turkish Airlines and many other carriers to Istanbul Airport and Sabiha G\u00f6k\u00e7en Airport, Istanbul has [&hellip;]","og_url":"https:\/\/souvenirexpoturkiye.com.tr\/en\/why-is-souvenir-expo-in-istanbul\/","og_site_name":"Souvenir Expo Turkiye","article_publisher":"https:\/\/www.facebook.com\/souvenirexpoturkiye","article_modified_time":"2024-09-10T13:56:43+00:00","og_image":[{"url":"https:\/\/souvenirexpoturkiye.com.tr\/wp-content\/uploads\/2024\/09\/image-127.png","type":"","width":"","height":""}],"twitter_card":"summary_large_image","twitter_site":"@souvenirexpotr","twitter_misc":{"Est. reading time":"1 minute"},"schema":{"@context":"https:\/\/schema.org","@graph":[{"@type":"WebPage","@id":"https:\/\/souvenirexpoturkiye.com.tr\/en\/why-is-souvenir-expo-in-istanbul\/","url":"https:\/\/souvenirexpoturkiye.com.tr\/en\/why-is-souvenir-expo-in-istanbul\/","name":"Why is Souvenir Expo in Istanbul? - Souvenir Expo Turkiye","isPartOf":{"@id":"https:\/\/souvenirexpoturkiye.com.tr\/en\/#website"},"primaryImageOfPage":{"@id":"https:\/\/souvenirexpoturkiye.com.tr\/en\/why-is-souvenir-expo-in-istanbul\/#primaryimage"},"image":{"@id":"https:\/\/souvenirexpoturkiye.com.tr\/en\/why-is-souvenir-expo-in-istanbul\/#primaryimage"},"thumbnailUrl":"https:\/\/souvenirexpoturkiye.com.tr\/wp-content\/uploads\/2024\/09\/image-127.png","datePublished":"2024-09-05T13:15:37+00:00","dateModified":"2024-09-10T13:56:43+00:00","breadcrumb":{"@id":"https:\/\/souvenirexpoturkiye.com.tr\/en\/why-is-souvenir-expo-in-istanbul\/#breadcrumb"},"inLanguage":"en-US","potentialAction":[{"@type":"ReadAction","target":["https:\/\/souvenirexpoturkiye.com.tr\/en\/why-is-souvenir-expo-in-istanbul\/"]}]},{"@type":"ImageObject","inLanguage":"en-US","@id":"https:\/\/souvenirexpoturkiye.com.tr\/en\/why-is-souvenir-expo-in-istanbul\/#primaryimage","url":"https:\/\/souvenirexpoturkiye.com.tr\/wp-content\/uploads\/2024\/09\/image-127.png","contentUrl":"https:\/\/souvenirexpoturkiye.com.tr\/wp-content\/uploads\/2024\/09\/image-127.png"},{"@type":"BreadcrumbList","@id":"https:\/\/souvenirexpoturkiye.com.tr\/en\/why-is-souvenir-expo-in-istanbul\/#breadcrumb","itemListElement":[{"@type":"ListItem","position":1,"name":"Home","item":"https:\/\/souvenirexpoturkiye.com.tr\/en\/"},{"@type":"ListItem","position":2,"name":"Why is Souvenir Expo in Istanbul?"}]},{"@type":"WebSite","@id":"https:\/\/souvenirexpoturkiye.com.tr\/en\/#website","url":"https:\/\/souvenirexpoturkiye.com.tr\/en\/","name":"Souvenir Expo Turkiye","description":"D\u00dcNYANIN EN BA\u015eARILI SOUVENIR FUARI T\u00dcRK\u0130YE&#039;DE","publisher":{"@id":"https:\/\/souvenirexpoturkiye.com.tr\/en\/#organization"},"potentialAction":[{"@type":"SearchAction","target":{"@type":"EntryPoint","urlTemplate":"https:\/\/souvenirexpoturkiye.com.tr\/en\/?s={search_term_string}"},"query-input":{"@type":"PropertyValueSpecification","valueRequired":true,"valueName":"search_term_string"}}],"inLanguage":"en-US"},{"@type":"Organization","@id":"https:\/\/souvenirexpoturkiye.com.tr\/en\/#organization","name":"D\u00dcNYANIN EN BA\u015eARILI SOUVENIR FUARI T\u00dcRK\u0130YE'DE Yunanistan'da 1984 y\u0131l\u0131ndan bu yana d\u00fczenli olarak her y\u0131l organize edilen, bug\u00fcne kadar bir\u00e7ok T\u00fcrk ...","url":"https:\/\/souvenirexpoturkiye.com.tr\/en\/","logo":{"@type":"ImageObject","inLanguage":"en-US","@id":"https:\/\/souvenirexpoturkiye.com.tr\/en\/#\/schema\/logo\/image\/","url":"https:\/\/souvenirexpoturkiye.com.tr\/wp-content\/uploads\/2024\/09\/SOUVENIR-2024-LOGO_2.png","contentUrl":"https:\/\/souvenirexpoturkiye.com.tr\/wp-content\/uploads\/2024\/09\/SOUVENIR-2024-LOGO_2.png","width":2640,"height":1314,"caption":"D\u00dcNYANIN EN BA\u015eARILI SOUVENIR FUARI T\u00dcRK\u0130YE'DE Yunanistan'da 1984 y\u0131l\u0131ndan bu yana d\u00fczenli olarak her y\u0131l organize edilen, bug\u00fcne kadar bir\u00e7ok T\u00fcrk ..."},"image":{"@id":"https:\/\/souvenirexpoturkiye.com.tr\/en\/#\/schema\/logo\/image\/"},"sameAs":["https:\/\/www.facebook.com\/souvenirexpoturkiye","https:\/\/x.com\/souvenirexpotr","https:\/\/www.instagram.com\/souvenirexpoturkiye\/"]}]}},"_links":{"self":[{"href":"https:\/\/souvenirexpoturkiye.com.tr\/en\/wp-json\/wp\/v2\/pages\/1398","targetHints":{"allow":["GET"]}}],"collection":[{"href":"https:\/\/souvenirexpoturkiye.com.tr\/en\/wp-json\/wp\/v2\/pages"}],"about":[{"href":"https:\/\/souvenirexpoturkiye.com.tr\/en\/wp-json\/wp\/v2\/types\/page"}],"author":[{"embeddable":true,"href":"https:\/\/souvenirexpoturkiye.com.tr\/en\/wp-json\/wp\/v2\/users\/1"}],"replies":[{"embeddable":true,"href":"https:\/\/souvenirexpoturkiye.com.tr\/en\/wp-json\/wp\/v2\/comments?post=1398"}],"version-history":[{"count":7,"href":"https:\/\/souvenirexpoturkiye.com.tr\/en\/wp-json\/wp\/v2\/pages\/1398\/revisions"}],"predecessor-version":[{"id":2794,"href":"https:\/\/souvenirexpoturkiye.com.tr\/en\/wp-json\/wp\/v2\/pages\/1398\/revisions\/2794"}],"wp:attachment":[{"href":"https:\/\/souvenirexpoturkiye.com.tr\/en\/wp-json\/wp\/v2\/media?parent=1398"}],"curies":[{"name":"wp","href":"https:\/\/api.w.org\/{rel}","templated":true}]}}