{"id":1436,"date":"2024-09-06T08:05:55","date_gmt":"2024-09-06T08:05:55","guid":{"rendered":"https:\/\/souvenirexpoturkiye.com.tr\/souvenir-expo-spain\/"},"modified":"2026-03-12T12:49:35","modified_gmt":"2026-03-12T12:49:35","slug":"souvenir-expo-spain","status":"publish","type":"page","link":"https:\/\/souvenirexpoturkiye.com.tr\/en\/souvenir-expo-spain\/","title":{"rendered":"Souvenir Expo Spain"},"content":{"rendered":"\t\t<div data-elementor-type=\"wp-page\" data-elementor-id=\"1436\" class=\"elementor elementor-1436 elementor-904\" data-elementor-post-type=\"page\">\n\t\t\t\t<div class=\"elementor-element elementor-element-d4c2f35 e-flex e-con-boxed e-con e-parent\" data-id=\"d4c2f35\" data-element_type=\"container\" data-settings=\"{&quot;background_background&quot;:&quot;classic&quot;,&quot;jet_parallax_layout_list&quot;:[]}\">\n\t\t\t\t\t<div class=\"e-con-inner\">\n\t\t\t\t<div class=\"elementor-element elementor-element-1526a71 elementor-widget elementor-widget-heading\" data-id=\"1526a71\" data-element_type=\"widget\" data-widget_type=\"heading.default\">\n\t\t\t\t<div class=\"elementor-widget-container\">\n\t\t\t\t\t<h2 class=\"elementor-heading-title elementor-size-default\">Souvenir Expo Spain<\/h2>\t\t\t\t<\/div>\n\t\t\t\t<\/div>\n\t\t\t\t\t<\/div>\n\t\t\t\t<\/div>\n\t\t<div class=\"elementor-element elementor-element-76591b4 e-flex e-con-boxed e-con e-parent\" data-id=\"76591b4\" data-element_type=\"container\" data-settings=\"{&quot;jet_parallax_layout_list&quot;:[]}\">\n\t\t\t\t\t<div class=\"e-con-inner\">\n\t\t<div class=\"elementor-element elementor-element-28bb94c e-con-full e-flex e-con e-child\" data-id=\"28bb94c\" data-element_type=\"container\" data-settings=\"{&quot;jet_parallax_layout_list&quot;:[]}\">\n\t\t<div class=\"elementor-element elementor-element-7519685 e-con-full e-flex e-con e-child\" data-id=\"7519685\" data-element_type=\"container\" data-settings=\"{&quot;jet_parallax_layout_list&quot;:[]}\">\n\t\t\t\t<div class=\"elementor-element elementor-element-6d307a6 elementor-widget elementor-widget-text-editor\" data-id=\"6d307a6\" data-element_type=\"widget\" data-widget_type=\"text-editor.default\">\n\t\t\t\t<div class=\"elementor-widget-container\">\n\t\t\t\t\t\t\t\t\t<p>Souvenir Expo Spain is the first professional B2B trade fair in Spain entirely dedicated to souvenirs, tourist gifts, summer fashion, and accessories.<\/p><p>With a prestigious legacy of nearly 40 years, Souvenir Expo continues to showcase the great potential of the Spanish market in the tourist gift and souvenir sector. <strong>The 3rd edition of Souvenir Expo Spain<\/strong> will be held from <strong>January 22-24, 2027<\/strong>, at the <strong>Barcelona Montjuic Venue<\/strong>, serving as an international meeting point for professionals in all types of gift and tourist products, while providing an ideal environment for entrepreneurship and business networking.<\/p><p><b>For detailed information: <span style=\"color: #333333;\"><a style=\"color: #333333;\" href=\"https:\/\/souvenirexpospain.com\/en\" target=\"_blank\" rel=\"noopener\">https:\/\/souvenirexpospain.com\/en<\/a><\/span><\/b><\/p>\t\t\t\t\t\t\t\t<\/div>\n\t\t\t\t<\/div>\n\t\t\t\t<\/div>\n\t\t<div class=\"elementor-element elementor-element-cc907fa e-con-full e-flex e-con e-child\" data-id=\"cc907fa\" data-element_type=\"container\" data-settings=\"{&quot;jet_parallax_layout_list&quot;:[]}\">\n\t\t\t\t<div class=\"elementor-element elementor-element-76cdd9a elementor-widget elementor-widget-image\" data-id=\"76cdd9a\" data-element_type=\"widget\" data-widget_type=\"image.default\">\n\t\t\t\t<div class=\"elementor-widget-container\">\n\t\t\t\t\t\t\t\t\t\t\t\t\t\t\t<img decoding=\"async\" width=\"297\" height=\"168\" src=\"https:\/\/souvenirexpoturkiye.com.tr\/wp-content\/uploads\/2024\/09\/SES_Logo1.png\" class=\"attachment-large size-large wp-image-1336\" alt=\"\" \/>\t\t\t\t\t\t\t\t\t\t\t\t\t\t\t<\/div>\n\t\t\t\t<\/div>\n\t\t\t\t<\/div>\n\t\t\t\t<\/div>\n\t\t\t\t\t<\/div>\n\t\t\t\t<\/div>\n\t\t\t\t<\/div>\n\t\t","protected":false},"excerpt":{"rendered":"<p>Souvenir Expo Spain is the first professional B2B trade fair in Spain entirely dedicated to souvenirs, tourist gifts, summer fashion, and accessories. With a prestigious legacy of nearly 40 years, Souvenir Expo continues to showcase the great potential of the Spanish market in the tourist gift and souvenir sector. The 3rd edition of Souvenir Expo [&hellip;]<\/p>\n","protected":false},"author":1,"featured_media":0,"parent":0,"menu_order":0,"comment_status":"closed","ping_status":"closed","template":"","meta":{"footnotes":""},"class_list":["post-1436","page","type-page","status-publish","hentry"],"yoast_head":"<!-- This site is optimized with the Yoast SEO plugin v25.3.1 - https:\/\/yoast.com\/wordpress\/plugins\/seo\/ -->\n<title>Souvenir Expo Spain - Souvenir Expo Turkiye<\/title>\n<meta name=\"robots\" content=\"index, follow, max-snippet:-1, max-image-preview:large, max-video-preview:-1\" \/>\n<link rel=\"canonical\" href=\"https:\/\/souvenirexpoturkiye.com.tr\/en\/souvenir-expo-spain\/\" \/>\n<meta property=\"og:locale\" content=\"en_US\" \/>\n<meta property=\"og:type\" content=\"article\" \/>\n<meta property=\"og:title\" content=\"Souvenir Expo Spain - Souvenir Expo Turkiye\" \/>\n<meta property=\"og:description\" content=\"Souvenir Expo Spain is the first professional B2B trade fair in Spain entirely dedicated to souvenirs, tourist gifts, summer fashion, and accessories. With a prestigious legacy of nearly 40 years, Souvenir Expo continues to showcase the great potential of the Spanish market in the tourist gift and souvenir sector. The 3rd edition of Souvenir Expo [&hellip;]\" \/>\n<meta property=\"og:url\" content=\"https:\/\/souvenirexpoturkiye.com.tr\/en\/souvenir-expo-spain\/\" \/>\n<meta property=\"og:site_name\" content=\"Souvenir Expo Turkiye\" \/>\n<meta property=\"article:publisher\" content=\"https:\/\/www.facebook.com\/souvenirexpoturkiye\" \/>\n<meta property=\"article:modified_time\" content=\"2026-03-12T12:49:35+00:00\" \/>\n<meta property=\"og:image\" content=\"https:\/\/souvenirexpoturkiye.com.tr\/wp-content\/uploads\/2024\/09\/SES_Logo1.png\" \/>\n\t<meta property=\"og:image:width\" content=\"297\" \/>\n\t<meta property=\"og:image:height\" content=\"168\" \/>\n\t<meta property=\"og:image:type\" content=\"image\/png\" \/>\n<meta name=\"twitter:card\" content=\"summary_large_image\" \/>\n<meta name=\"twitter:site\" content=\"@souvenirexpotr\" \/>\n<meta name=\"twitter:label1\" content=\"Est. reading time\" \/>\n\t<meta name=\"twitter:data1\" content=\"1 minute\" \/>\n<script type=\"application\/ld+json\" class=\"yoast-schema-graph\">{\"@context\":\"https:\/\/schema.org\",\"@graph\":[{\"@type\":\"WebPage\",\"@id\":\"https:\/\/souvenirexpoturkiye.com.tr\/en\/souvenir-expo-spain\/\",\"url\":\"https:\/\/souvenirexpoturkiye.com.tr\/en\/souvenir-expo-spain\/\",\"name\":\"Souvenir Expo Spain - Souvenir Expo Turkiye\",\"isPartOf\":{\"@id\":\"https:\/\/souvenirexpoturkiye.com.tr\/en\/#website\"},\"primaryImageOfPage\":{\"@id\":\"https:\/\/souvenirexpoturkiye.com.tr\/en\/souvenir-expo-spain\/#primaryimage\"},\"image\":{\"@id\":\"https:\/\/souvenirexpoturkiye.com.tr\/en\/souvenir-expo-spain\/#primaryimage\"},\"thumbnailUrl\":\"https:\/\/souvenirexpoturkiye.com.tr\/wp-content\/uploads\/2024\/09\/SES_Logo1.png\",\"datePublished\":\"2024-09-06T08:05:55+00:00\",\"dateModified\":\"2026-03-12T12:49:35+00:00\",\"breadcrumb\":{\"@id\":\"https:\/\/souvenirexpoturkiye.com.tr\/en\/souvenir-expo-spain\/#breadcrumb\"},\"inLanguage\":\"en-US\",\"potentialAction\":[{\"@type\":\"ReadAction\",\"target\":[\"https:\/\/souvenirexpoturkiye.com.tr\/en\/souvenir-expo-spain\/\"]}]},{\"@type\":\"ImageObject\",\"inLanguage\":\"en-US\",\"@id\":\"https:\/\/souvenirexpoturkiye.com.tr\/en\/souvenir-expo-spain\/#primaryimage\",\"url\":\"https:\/\/souvenirexpoturkiye.com.tr\/wp-content\/uploads\/2024\/09\/SES_Logo1.png\",\"contentUrl\":\"https:\/\/souvenirexpoturkiye.com.tr\/wp-content\/uploads\/2024\/09\/SES_Logo1.png\"},{\"@type\":\"BreadcrumbList\",\"@id\":\"https:\/\/souvenirexpoturkiye.com.tr\/en\/souvenir-expo-spain\/#breadcrumb\",\"itemListElement\":[{\"@type\":\"ListItem\",\"position\":1,\"name\":\"Home\",\"item\":\"https:\/\/souvenirexpoturkiye.com.tr\/en\/\"},{\"@type\":\"ListItem\",\"position\":2,\"name\":\"Souvenir Expo Spain\"}]},{\"@type\":\"WebSite\",\"@id\":\"https:\/\/souvenirexpoturkiye.com.tr\/en\/#website\",\"url\":\"https:\/\/souvenirexpoturkiye.com.tr\/en\/\",\"name\":\"Souvenir Expo Turkiye\",\"description\":\"D\u00dcNYANIN EN BA\u015eARILI SOUVENIR FUARI T\u00dcRK\u0130YE&#039;DE\",\"publisher\":{\"@id\":\"https:\/\/souvenirexpoturkiye.com.tr\/en\/#organization\"},\"potentialAction\":[{\"@type\":\"SearchAction\",\"target\":{\"@type\":\"EntryPoint\",\"urlTemplate\":\"https:\/\/souvenirexpoturkiye.com.tr\/en\/?s={search_term_string}\"},\"query-input\":{\"@type\":\"PropertyValueSpecification\",\"valueRequired\":true,\"valueName\":\"search_term_string\"}}],\"inLanguage\":\"en-US\"},{\"@type\":\"Organization\",\"@id\":\"https:\/\/souvenirexpoturkiye.com.tr\/en\/#organization\",\"name\":\"D\u00dcNYANIN EN BA\u015eARILI SOUVENIR FUARI T\u00dcRK\u0130YE'DE Yunanistan'da 1984 y\u0131l\u0131ndan bu yana d\u00fczenli olarak her y\u0131l organize edilen, bug\u00fcne kadar bir\u00e7ok T\u00fcrk ...\",\"url\":\"https:\/\/souvenirexpoturkiye.com.tr\/en\/\",\"logo\":{\"@type\":\"ImageObject\",\"inLanguage\":\"en-US\",\"@id\":\"https:\/\/souvenirexpoturkiye.com.tr\/en\/#\/schema\/logo\/image\/\",\"url\":\"https:\/\/souvenirexpoturkiye.com.tr\/wp-content\/uploads\/2024\/09\/SOUVENIR-2024-LOGO_2.png\",\"contentUrl\":\"https:\/\/souvenirexpoturkiye.com.tr\/wp-content\/uploads\/2024\/09\/SOUVENIR-2024-LOGO_2.png\",\"width\":2640,\"height\":1314,\"caption\":\"D\u00dcNYANIN EN BA\u015eARILI SOUVENIR FUARI T\u00dcRK\u0130YE'DE Yunanistan'da 1984 y\u0131l\u0131ndan bu yana d\u00fczenli olarak her y\u0131l organize edilen, bug\u00fcne kadar bir\u00e7ok T\u00fcrk ...\"},\"image\":{\"@id\":\"https:\/\/souvenirexpoturkiye.com.tr\/en\/#\/schema\/logo\/image\/\"},\"sameAs\":[\"https:\/\/www.facebook.com\/souvenirexpoturkiye\",\"https:\/\/x.com\/souvenirexpotr\",\"https:\/\/www.instagram.com\/souvenirexpoturkiye\/\"]}]}<\/script>\n<!-- \/ Yoast SEO plugin. -->","yoast_head_json":{"title":"Souvenir Expo Spain - Souvenir Expo Turkiye","robots":{"index":"index","follow":"follow","max-snippet":"max-snippet:-1","max-image-preview":"max-image-preview:large","max-video-preview":"max-video-preview:-1"},"canonical":"https:\/\/souvenirexpoturkiye.com.tr\/en\/souvenir-expo-spain\/","og_locale":"en_US","og_type":"article","og_title":"Souvenir Expo Spain - Souvenir Expo Turkiye","og_description":"Souvenir Expo Spain is the first professional B2B trade fair in Spain entirely dedicated to souvenirs, tourist gifts, summer fashion, and accessories. With a prestigious legacy of nearly 40 years, Souvenir Expo continues to showcase the great potential of the Spanish market in the tourist gift and souvenir sector. The 3rd edition of Souvenir Expo [&hellip;]","og_url":"https:\/\/souvenirexpoturkiye.com.tr\/en\/souvenir-expo-spain\/","og_site_name":"Souvenir Expo Turkiye","article_publisher":"https:\/\/www.facebook.com\/souvenirexpoturkiye","article_modified_time":"2026-03-12T12:49:35+00:00","og_image":[{"width":297,"height":168,"url":"https:\/\/souvenirexpoturkiye.com.tr\/wp-content\/uploads\/2024\/09\/SES_Logo1.png","type":"image\/png"}],"twitter_card":"summary_large_image","twitter_site":"@souvenirexpotr","twitter_misc":{"Est. reading time":"1 minute"},"schema":{"@context":"https:\/\/schema.org","@graph":[{"@type":"WebPage","@id":"https:\/\/souvenirexpoturkiye.com.tr\/en\/souvenir-expo-spain\/","url":"https:\/\/souvenirexpoturkiye.com.tr\/en\/souvenir-expo-spain\/","name":"Souvenir Expo Spain - Souvenir Expo Turkiye","isPartOf":{"@id":"https:\/\/souvenirexpoturkiye.com.tr\/en\/#website"},"primaryImageOfPage":{"@id":"https:\/\/souvenirexpoturkiye.com.tr\/en\/souvenir-expo-spain\/#primaryimage"},"image":{"@id":"https:\/\/souvenirexpoturkiye.com.tr\/en\/souvenir-expo-spain\/#primaryimage"},"thumbnailUrl":"https:\/\/souvenirexpoturkiye.com.tr\/wp-content\/uploads\/2024\/09\/SES_Logo1.png","datePublished":"2024-09-06T08:05:55+00:00","dateModified":"2026-03-12T12:49:35+00:00","breadcrumb":{"@id":"https:\/\/souvenirexpoturkiye.com.tr\/en\/souvenir-expo-spain\/#breadcrumb"},"inLanguage":"en-US","potentialAction":[{"@type":"ReadAction","target":["https:\/\/souvenirexpoturkiye.com.tr\/en\/souvenir-expo-spain\/"]}]},{"@type":"ImageObject","inLanguage":"en-US","@id":"https:\/\/souvenirexpoturkiye.com.tr\/en\/souvenir-expo-spain\/#primaryimage","url":"https:\/\/souvenirexpoturkiye.com.tr\/wp-content\/uploads\/2024\/09\/SES_Logo1.png","contentUrl":"https:\/\/souvenirexpoturkiye.com.tr\/wp-content\/uploads\/2024\/09\/SES_Logo1.png"},{"@type":"BreadcrumbList","@id":"https:\/\/souvenirexpoturkiye.com.tr\/en\/souvenir-expo-spain\/#breadcrumb","itemListElement":[{"@type":"ListItem","position":1,"name":"Home","item":"https:\/\/souvenirexpoturkiye.com.tr\/en\/"},{"@type":"ListItem","position":2,"name":"Souvenir Expo Spain"}]},{"@type":"WebSite","@id":"https:\/\/souvenirexpoturkiye.com.tr\/en\/#website","url":"https:\/\/souvenirexpoturkiye.com.tr\/en\/","name":"Souvenir Expo Turkiye","description":"D\u00dcNYANIN EN BA\u015eARILI SOUVENIR FUARI T\u00dcRK\u0130YE&#039;DE","publisher":{"@id":"https:\/\/souvenirexpoturkiye.com.tr\/en\/#organization"},"potentialAction":[{"@type":"SearchAction","target":{"@type":"EntryPoint","urlTemplate":"https:\/\/souvenirexpoturkiye.com.tr\/en\/?s={search_term_string}"},"query-input":{"@type":"PropertyValueSpecification","valueRequired":true,"valueName":"search_term_string"}}],"inLanguage":"en-US"},{"@type":"Organization","@id":"https:\/\/souvenirexpoturkiye.com.tr\/en\/#organization","name":"D\u00dcNYANIN EN BA\u015eARILI SOUVENIR FUARI T\u00dcRK\u0130YE'DE Yunanistan'da 1984 y\u0131l\u0131ndan bu yana d\u00fczenli olarak her y\u0131l organize edilen, bug\u00fcne kadar bir\u00e7ok T\u00fcrk ...","url":"https:\/\/souvenirexpoturkiye.com.tr\/en\/","logo":{"@type":"ImageObject","inLanguage":"en-US","@id":"https:\/\/souvenirexpoturkiye.com.tr\/en\/#\/schema\/logo\/image\/","url":"https:\/\/souvenirexpoturkiye.com.tr\/wp-content\/uploads\/2024\/09\/SOUVENIR-2024-LOGO_2.png","contentUrl":"https:\/\/souvenirexpoturkiye.com.tr\/wp-content\/uploads\/2024\/09\/SOUVENIR-2024-LOGO_2.png","width":2640,"height":1314,"caption":"D\u00dcNYANIN EN BA\u015eARILI SOUVENIR FUARI T\u00dcRK\u0130YE'DE Yunanistan'da 1984 y\u0131l\u0131ndan bu yana d\u00fczenli olarak her y\u0131l organize edilen, bug\u00fcne kadar bir\u00e7ok T\u00fcrk ..."},"image":{"@id":"https:\/\/souvenirexpoturkiye.com.tr\/en\/#\/schema\/logo\/image\/"},"sameAs":["https:\/\/www.facebook.com\/souvenirexpoturkiye","https:\/\/x.com\/souvenirexpotr","https:\/\/www.instagram.com\/souvenirexpoturkiye\/"]}]}},"_links":{"self":[{"href":"https:\/\/souvenirexpoturkiye.com.tr\/en\/wp-json\/wp\/v2\/pages\/1436","targetHints":{"allow":["GET"]}}],"collection":[{"href":"https:\/\/souvenirexpoturkiye.com.tr\/en\/wp-json\/wp\/v2\/pages"}],"about":[{"href":"https:\/\/souvenirexpoturkiye.com.tr\/en\/wp-json\/wp\/v2\/types\/page"}],"author":[{"embeddable":true,"href":"https:\/\/souvenirexpoturkiye.com.tr\/en\/wp-json\/wp\/v2\/users\/1"}],"replies":[{"embeddable":true,"href":"https:\/\/souvenirexpoturkiye.com.tr\/en\/wp-json\/wp\/v2\/comments?post=1436"}],"version-history":[{"count":16,"href":"https:\/\/souvenirexpoturkiye.com.tr\/en\/wp-json\/wp\/v2\/pages\/1436\/revisions"}],"predecessor-version":[{"id":7025,"href":"https:\/\/souvenirexpoturkiye.com.tr\/en\/wp-json\/wp\/v2\/pages\/1436\/revisions\/7025"}],"wp:attachment":[{"href":"https:\/\/souvenirexpoturkiye.com.tr\/en\/wp-json\/wp\/v2\/media?parent=1436"}],"curies":[{"name":"wp","href":"https:\/\/api.w.org\/{rel}","templated":true}]}}