{"id":2170,"date":"2024-09-07T06:23:27","date_gmt":"2024-09-07T06:23:27","guid":{"rendered":"https:\/\/souvenirexpoturkiye.com.tr\/team\/"},"modified":"2026-03-02T12:30:49","modified_gmt":"2026-03-02T12:30:49","slug":"team","status":"publish","type":"page","link":"https:\/\/souvenirexpoturkiye.com.tr\/en\/team\/","title":{"rendered":"Team"},"content":{"rendered":"\t\t<div data-elementor-type=\"wp-page\" data-elementor-id=\"2170\" class=\"elementor elementor-2170 elementor-1159\" data-elementor-post-type=\"page\">\n\t\t\t\t<div class=\"elementor-element elementor-element-dc80ba0 e-flex e-con-boxed e-con e-parent\" data-id=\"dc80ba0\" data-element_type=\"container\" data-settings=\"{&quot;background_background&quot;:&quot;classic&quot;,&quot;jet_parallax_layout_list&quot;:[]}\">\n\t\t\t\t\t<div class=\"e-con-inner\">\n\t\t\t\t<div class=\"elementor-element elementor-element-65a77f3 elementor-widget elementor-widget-heading\" data-id=\"65a77f3\" data-element_type=\"widget\" data-widget_type=\"heading.default\">\n\t\t\t\t<div class=\"elementor-widget-container\">\n\t\t\t\t\t<h2 class=\"elementor-heading-title elementor-size-default\">Team<\/h2>\t\t\t\t<\/div>\n\t\t\t\t<\/div>\n\t\t\t\t\t<\/div>\n\t\t\t\t<\/div>\n\t\t<div class=\"elementor-element elementor-element-4a1c276 e-flex e-con-boxed e-con e-parent\" data-id=\"4a1c276\" data-element_type=\"container\" data-settings=\"{&quot;jet_parallax_layout_list&quot;:[]}\">\n\t\t\t\t\t<div class=\"e-con-inner\">\n\t\t\t\t<div class=\"elementor-element elementor-element-dc2084c elementor-widget elementor-widget-html\" data-id=\"dc2084c\" data-element_type=\"widget\" data-widget_type=\"html.default\">\n\t\t\t\t<div class=\"elementor-widget-container\">\n\t\t\t\t\t<style>\r\n.team-section {\r\n  text-align: center;\r\n  padding: 60px 20px;\r\n  background: #fff;\r\n  font-family: \"Poppins\", sans-serif;\r\n}\r\n\r\n.team-grid {\r\n  display: grid;\r\n  grid-template-columns: repeat(auto-fit, minmax(250px, 1fr));\r\n  gap: 30px;\r\n  margin-top: 40px;\r\n}\r\n\r\n.team-member {\r\n  background: #fafafa;\r\n  border-radius: 15px;\r\n  padding: 25px;\r\n  transition: all 0.3s ease;\r\n  box-shadow: 0 2px 8px rgba(0,0,0,0.05);\r\n}\r\n\r\n.team-member:hover {\r\n  transform: translateY(-5px);\r\n  box-shadow: 0 8px 16px rgba(0,0,0,0.1);\r\n}\r\n\r\n.name {\r\n  font-size: 1.2rem;\r\n  font-weight: 700;\r\n  color: #333;\r\n  margin-bottom: 8px;\r\n}\r\n\r\n.title {\r\n  font-size: 0.95rem;\r\n  color: #666;\r\n  margin-bottom: 5px;\r\n}\r\n\r\n.email {\r\n  display: block;\r\n  font-size: 0.9rem;\r\n  color: #e94e1b;\r\n  text-decoration: none;\r\n  transition: 0.3s;\r\n}\r\n\r\n.email:hover {\r\n  text-decoration: underline;\r\n}\r\n\r\n\/* Contact box *\/\r\n.contact-box {\r\n  max-width: 400px;\r\n  margin: 60px auto 0;\r\n  background: #fafafa;\r\n  border-radius: 15px;\r\n  padding: 25px 20px;\r\n  box-shadow: 0 4px 12px rgba(0,0,0,0.05);\r\n  display: flex;\r\n  flex-direction: column;\r\n  align-items: center;\r\n  gap: 8px;\r\n}\r\n\r\n.contact-title {\r\n  font-size: 1.1rem;\r\n  font-weight: 600;\r\n  color: #e94e1b;\r\n}\r\n\r\n.contact-text {\r\n  font-size: 1rem;\r\n  color: #333;\r\n  letter-spacing: 0.5px;\r\n}\r\n<\/style>\r\n\r\n<section class=\"team-section\">\r\n  <div class=\"container\">\r\n    \r\n    <div class=\"team-member\">\r\n      <h3 class=\"name\">Mert Kaan Duman<\/h3>\r\n      <p class=\"title\">Country Manager<\/p>\r\n      <a href=\"mailto:mduman@rotaexhibitions.com.tr\" class=\"email\">mduman@rotaexhibitions.com.tr<\/a>\r\n    <\/div>\r\n\r\n    <div class=\"team-grid\">\r\n      <div class=\"team-member\">\r\n        <h3 class=\"name\">Murat Can Ba\u015faran  <\/h3>\r\n        <p class=\"title\">Sales Manager<\/p>\r\n        <a href=\"mailto:mbasaran@rotaexhibitions.com.tr\" class=\"email\">mbasaran@rotaexhibitions.com.tr<\/a>\r\n      <\/div>\r\n\r\n      <div class=\"team-member\">\r\n        <h3 class=\"name\">Ersin \u015e\u0131k<\/h3>\r\n        <p class=\"title\">Sales Manager<\/p>\r\n        <a href=\"mailto:ersins@rotaexhibitions.com.tr\" class=\"email\">ersins@rotaexhibitions.com.tr<\/a>\r\n      <\/div>\r\n      \r\n      <div class=\"team-member\">\r\n        <h3 class=\"name\">G\u00f6khan \u015eeng\u00fcler<\/h3>\r\n        <p class=\"title\">Sales Manager<\/p>\r\n        <a href=\"mailto:gsenguler@rotaexhibitions.com.tr\" class=\"email\">gsenguler@rotaexhibitions.com.tr<\/a>\r\n      <\/div>\r\n\r\n \r\n    <\/div>\r\n    \r\n    <div class=\"team-grid\">\r\n        <div class=\"team-member\">\r\n            <h3 class=\"name\">Merve \u00d6zdemir<\/h3>\r\n            <p class=\"title\">Accounting and Operations Manager<\/p>\r\n            <a href=\"mailto:mozdemir@rotaexhibitions.com.tr\" class=\"email\">mozdemir@rotaexhibitions.com.tr<\/a>\r\n        <\/div>\r\n     <\/div>\r\n\r\n    <div class=\"contact-box\">\r\n      <div class=\"contact-title\">Contact<\/div>\r\n      <p class=\"contact-text\">+90 536 745 71 06<\/p>\r\n    <\/div>\r\n\r\n  <\/div>\r\n<\/section>\r\n\r\n<script>\r\n  document.addEventListener(\"DOMContentLoaded\", () => {\r\n    document.querySelectorAll('.team-member, .contact-box').forEach((el, i) => {\r\n      el.style.opacity = 0;\r\n      el.style.transform = \"translateY(30px)\";\r\n      setTimeout(() => {\r\n        el.style.transition = \"all 0.6s ease\";\r\n        el.style.opacity = 1;\r\n        el.style.transform = \"translateY(0)\";\r\n      }, i * 150);\r\n    });\r\n  });\r\n<\/script>\r\n\t\t\t\t<\/div>\n\t\t\t\t<\/div>\n\t\t\t\t\t<\/div>\n\t\t\t\t<\/div>\n\t\t<div class=\"elementor-element elementor-element-a60ac0b e-flex e-con-boxed e-con e-parent\" data-id=\"a60ac0b\" data-element_type=\"container\" data-settings=\"{&quot;background_background&quot;:&quot;classic&quot;,&quot;jet_parallax_layout_list&quot;:[]}\">\n\t\t\t\t\t<div class=\"e-con-inner\">\n\t\t<div class=\"elementor-element elementor-element-6832622 e-con-full e-flex e-con e-child\" data-id=\"6832622\" data-element_type=\"container\" data-settings=\"{&quot;jet_parallax_layout_list&quot;:[]}\">\n\t\t<div class=\"elementor-element elementor-element-fb625a8 e-con-full e-flex e-con e-child\" data-id=\"fb625a8\" data-element_type=\"container\" data-settings=\"{&quot;jet_parallax_layout_list&quot;:[]}\">\n\t\t\t\t<div class=\"elementor-element elementor-element-51fe664 elementor-widget elementor-widget-heading\" data-id=\"51fe664\" data-element_type=\"widget\" data-widget_type=\"heading.default\">\n\t\t\t\t<div class=\"elementor-widget-container\">\n\t\t\t\t\t<h2 class=\"elementor-heading-title elementor-size-default\">International Agents  <\/h2>\t\t\t\t<\/div>\n\t\t\t\t<\/div>\n\t\t\t\t<div class=\"elementor-element elementor-element-3a82992 elementor-icon-list--layout-inline elementor-list-item-link-full_width elementor-widget elementor-widget-icon-list\" data-id=\"3a82992\" data-element_type=\"widget\" data-widget_type=\"icon-list.default\">\n\t\t\t\t<div class=\"elementor-widget-container\">\n\t\t\t\t\t\t\t<ul class=\"elementor-icon-list-items elementor-inline-items\">\n\t\t\t\t\t\t\t<li class=\"elementor-icon-list-item elementor-inline-item\">\n\t\t\t\t\t\t\t\t\t\t\t<span class=\"elementor-icon-list-icon\">\n\t\t\t\t\t\t\t<svg aria-hidden=\"true\" class=\"e-font-icon-svg e-fas-circle\" viewBox=\"0 0 512 512\" xmlns=\"http:\/\/www.w3.org\/2000\/svg\"><path d=\"M256 8C119 8 8 119 8 256s111 248 248 248 248-111 248-248S393 8 256 8z\"><\/path><\/svg>\t\t\t\t\t\t<\/span>\n\t\t\t\t\t\t\t\t\t\t<span class=\"elementor-icon-list-text\">Italy<\/span>\n\t\t\t\t\t\t\t\t\t<\/li>\n\t\t\t\t\t\t\t\t<li class=\"elementor-icon-list-item elementor-inline-item\">\n\t\t\t\t\t\t\t\t\t\t\t<span class=\"elementor-icon-list-icon\">\n\t\t\t\t\t\t\t<svg aria-hidden=\"true\" class=\"e-font-icon-svg e-fas-circle\" viewBox=\"0 0 512 512\" xmlns=\"http:\/\/www.w3.org\/2000\/svg\"><path d=\"M256 8C119 8 8 119 8 256s111 248 248 248 248-111 248-248S393 8 256 8z\"><\/path><\/svg>\t\t\t\t\t\t<\/span>\n\t\t\t\t\t\t\t\t\t\t<span class=\"elementor-icon-list-text\">Greece<\/span>\n\t\t\t\t\t\t\t\t\t<\/li>\n\t\t\t\t\t\t\t\t<li class=\"elementor-icon-list-item elementor-inline-item\">\n\t\t\t\t\t\t\t\t\t\t\t<span class=\"elementor-icon-list-icon\">\n\t\t\t\t\t\t\t<svg aria-hidden=\"true\" class=\"e-font-icon-svg e-fas-circle\" viewBox=\"0 0 512 512\" xmlns=\"http:\/\/www.w3.org\/2000\/svg\"><path d=\"M256 8C119 8 8 119 8 256s111 248 248 248 248-111 248-248S393 8 256 8z\"><\/path><\/svg>\t\t\t\t\t\t<\/span>\n\t\t\t\t\t\t\t\t\t\t<span class=\"elementor-icon-list-text\">Spain<\/span>\n\t\t\t\t\t\t\t\t\t<\/li>\n\t\t\t\t\t\t<\/ul>\n\t\t\t\t\t\t<\/div>\n\t\t\t\t<\/div>\n\t\t\t\t<\/div>\n\t\t\t\t<\/div>\n\t\t\t\t\t<\/div>\n\t\t\t\t<\/div>\n\t\t\t\t<\/div>\n\t\t","protected":false},"excerpt":{"rendered":"<p>Mert Kaan Duman Country Manager mduman@rotaexhibitions.com.tr Murat Can Ba\u015faran Sales Manager mbasaran@rotaexhibitions.com.tr Ersin \u015e\u0131k Sales Manager ersins@rotaexhibitions.com.tr G\u00f6khan \u015eeng\u00fcler Sales Manager gsenguler@rotaexhibitions.com.tr Merve \u00d6zdemir Accounting and Operations Manager mozdemir@rotaexhibitions.com.tr Contact +90 536 745 71 06 International Agents Italy Greece Spain<\/p>\n","protected":false},"author":1,"featured_media":0,"parent":0,"menu_order":0,"comment_status":"closed","ping_status":"closed","template":"","meta":{"footnotes":""},"class_list":["post-2170","page","type-page","status-publish","hentry"],"yoast_head":"<!-- This site is optimized with the Yoast SEO plugin v25.3.1 - https:\/\/yoast.com\/wordpress\/plugins\/seo\/ -->\n<title>Team - Souvenir Expo Turkiye<\/title>\n<meta name=\"robots\" content=\"index, follow, max-snippet:-1, max-image-preview:large, max-video-preview:-1\" \/>\n<link rel=\"canonical\" href=\"https:\/\/souvenirexpoturkiye.com.tr\/en\/team\/\" \/>\n<meta property=\"og:locale\" content=\"en_US\" \/>\n<meta property=\"og:type\" content=\"article\" \/>\n<meta property=\"og:title\" content=\"Team - Souvenir Expo Turkiye\" \/>\n<meta property=\"og:description\" content=\"Mert Kaan Duman Country Manager mduman@rotaexhibitions.com.tr Murat Can Ba\u015faran Sales Manager mbasaran@rotaexhibitions.com.tr Ersin \u015e\u0131k Sales Manager ersins@rotaexhibitions.com.tr G\u00f6khan \u015eeng\u00fcler Sales Manager gsenguler@rotaexhibitions.com.tr Merve \u00d6zdemir Accounting and Operations Manager mozdemir@rotaexhibitions.com.tr Contact +90 536 745 71 06 International Agents Italy Greece Spain\" \/>\n<meta property=\"og:url\" content=\"https:\/\/souvenirexpoturkiye.com.tr\/en\/team\/\" \/>\n<meta property=\"og:site_name\" content=\"Souvenir Expo Turkiye\" \/>\n<meta property=\"article:publisher\" content=\"https:\/\/www.facebook.com\/souvenirexpoturkiye\" \/>\n<meta property=\"article:modified_time\" content=\"2026-03-02T12:30:49+00:00\" \/>\n<meta name=\"twitter:card\" content=\"summary_large_image\" \/>\n<meta name=\"twitter:site\" content=\"@souvenirexpotr\" \/>\n<meta name=\"twitter:label1\" content=\"Est. reading time\" \/>\n\t<meta name=\"twitter:data1\" content=\"1 minute\" \/>\n<script type=\"application\/ld+json\" class=\"yoast-schema-graph\">{\"@context\":\"https:\/\/schema.org\",\"@graph\":[{\"@type\":\"WebPage\",\"@id\":\"https:\/\/souvenirexpoturkiye.com.tr\/en\/team\/\",\"url\":\"https:\/\/souvenirexpoturkiye.com.tr\/en\/team\/\",\"name\":\"Team - Souvenir Expo Turkiye\",\"isPartOf\":{\"@id\":\"https:\/\/souvenirexpoturkiye.com.tr\/en\/#website\"},\"datePublished\":\"2024-09-07T06:23:27+00:00\",\"dateModified\":\"2026-03-02T12:30:49+00:00\",\"breadcrumb\":{\"@id\":\"https:\/\/souvenirexpoturkiye.com.tr\/en\/team\/#breadcrumb\"},\"inLanguage\":\"en-US\",\"potentialAction\":[{\"@type\":\"ReadAction\",\"target\":[\"https:\/\/souvenirexpoturkiye.com.tr\/en\/team\/\"]}]},{\"@type\":\"BreadcrumbList\",\"@id\":\"https:\/\/souvenirexpoturkiye.com.tr\/en\/team\/#breadcrumb\",\"itemListElement\":[{\"@type\":\"ListItem\",\"position\":1,\"name\":\"Home\",\"item\":\"https:\/\/souvenirexpoturkiye.com.tr\/en\/\"},{\"@type\":\"ListItem\",\"position\":2,\"name\":\"Team\"}]},{\"@type\":\"WebSite\",\"@id\":\"https:\/\/souvenirexpoturkiye.com.tr\/en\/#website\",\"url\":\"https:\/\/souvenirexpoturkiye.com.tr\/en\/\",\"name\":\"Souvenir Expo Turkiye\",\"description\":\"D\u00dcNYANIN EN BA\u015eARILI SOUVENIR FUARI T\u00dcRK\u0130YE&#039;DE\",\"publisher\":{\"@id\":\"https:\/\/souvenirexpoturkiye.com.tr\/en\/#organization\"},\"potentialAction\":[{\"@type\":\"SearchAction\",\"target\":{\"@type\":\"EntryPoint\",\"urlTemplate\":\"https:\/\/souvenirexpoturkiye.com.tr\/en\/?s={search_term_string}\"},\"query-input\":{\"@type\":\"PropertyValueSpecification\",\"valueRequired\":true,\"valueName\":\"search_term_string\"}}],\"inLanguage\":\"en-US\"},{\"@type\":\"Organization\",\"@id\":\"https:\/\/souvenirexpoturkiye.com.tr\/en\/#organization\",\"name\":\"D\u00dcNYANIN EN BA\u015eARILI SOUVENIR FUARI T\u00dcRK\u0130YE'DE Yunanistan'da 1984 y\u0131l\u0131ndan bu yana d\u00fczenli olarak her y\u0131l organize edilen, bug\u00fcne kadar bir\u00e7ok T\u00fcrk ...\",\"url\":\"https:\/\/souvenirexpoturkiye.com.tr\/en\/\",\"logo\":{\"@type\":\"ImageObject\",\"inLanguage\":\"en-US\",\"@id\":\"https:\/\/souvenirexpoturkiye.com.tr\/en\/#\/schema\/logo\/image\/\",\"url\":\"https:\/\/souvenirexpoturkiye.com.tr\/wp-content\/uploads\/2024\/09\/SOUVENIR-2024-LOGO_2.png\",\"contentUrl\":\"https:\/\/souvenirexpoturkiye.com.tr\/wp-content\/uploads\/2024\/09\/SOUVENIR-2024-LOGO_2.png\",\"width\":2640,\"height\":1314,\"caption\":\"D\u00dcNYANIN EN BA\u015eARILI SOUVENIR FUARI T\u00dcRK\u0130YE'DE Yunanistan'da 1984 y\u0131l\u0131ndan bu yana d\u00fczenli olarak her y\u0131l organize edilen, bug\u00fcne kadar bir\u00e7ok T\u00fcrk ...\"},\"image\":{\"@id\":\"https:\/\/souvenirexpoturkiye.com.tr\/en\/#\/schema\/logo\/image\/\"},\"sameAs\":[\"https:\/\/www.facebook.com\/souvenirexpoturkiye\",\"https:\/\/x.com\/souvenirexpotr\",\"https:\/\/www.instagram.com\/souvenirexpoturkiye\/\"]}]}<\/script>\n<!-- \/ Yoast SEO plugin. -->","yoast_head_json":{"title":"Team - Souvenir Expo Turkiye","robots":{"index":"index","follow":"follow","max-snippet":"max-snippet:-1","max-image-preview":"max-image-preview:large","max-video-preview":"max-video-preview:-1"},"canonical":"https:\/\/souvenirexpoturkiye.com.tr\/en\/team\/","og_locale":"en_US","og_type":"article","og_title":"Team - Souvenir Expo Turkiye","og_description":"Mert Kaan Duman Country Manager mduman@rotaexhibitions.com.tr Murat Can Ba\u015faran Sales Manager mbasaran@rotaexhibitions.com.tr Ersin \u015e\u0131k Sales Manager ersins@rotaexhibitions.com.tr G\u00f6khan \u015eeng\u00fcler Sales Manager gsenguler@rotaexhibitions.com.tr Merve \u00d6zdemir Accounting and Operations Manager mozdemir@rotaexhibitions.com.tr Contact +90 536 745 71 06 International Agents Italy Greece Spain","og_url":"https:\/\/souvenirexpoturkiye.com.tr\/en\/team\/","og_site_name":"Souvenir Expo Turkiye","article_publisher":"https:\/\/www.facebook.com\/souvenirexpoturkiye","article_modified_time":"2026-03-02T12:30:49+00:00","twitter_card":"summary_large_image","twitter_site":"@souvenirexpotr","twitter_misc":{"Est. reading time":"1 minute"},"schema":{"@context":"https:\/\/schema.org","@graph":[{"@type":"WebPage","@id":"https:\/\/souvenirexpoturkiye.com.tr\/en\/team\/","url":"https:\/\/souvenirexpoturkiye.com.tr\/en\/team\/","name":"Team - Souvenir Expo Turkiye","isPartOf":{"@id":"https:\/\/souvenirexpoturkiye.com.tr\/en\/#website"},"datePublished":"2024-09-07T06:23:27+00:00","dateModified":"2026-03-02T12:30:49+00:00","breadcrumb":{"@id":"https:\/\/souvenirexpoturkiye.com.tr\/en\/team\/#breadcrumb"},"inLanguage":"en-US","potentialAction":[{"@type":"ReadAction","target":["https:\/\/souvenirexpoturkiye.com.tr\/en\/team\/"]}]},{"@type":"BreadcrumbList","@id":"https:\/\/souvenirexpoturkiye.com.tr\/en\/team\/#breadcrumb","itemListElement":[{"@type":"ListItem","position":1,"name":"Home","item":"https:\/\/souvenirexpoturkiye.com.tr\/en\/"},{"@type":"ListItem","position":2,"name":"Team"}]},{"@type":"WebSite","@id":"https:\/\/souvenirexpoturkiye.com.tr\/en\/#website","url":"https:\/\/souvenirexpoturkiye.com.tr\/en\/","name":"Souvenir Expo Turkiye","description":"D\u00dcNYANIN EN BA\u015eARILI SOUVENIR FUARI T\u00dcRK\u0130YE&#039;DE","publisher":{"@id":"https:\/\/souvenirexpoturkiye.com.tr\/en\/#organization"},"potentialAction":[{"@type":"SearchAction","target":{"@type":"EntryPoint","urlTemplate":"https:\/\/souvenirexpoturkiye.com.tr\/en\/?s={search_term_string}"},"query-input":{"@type":"PropertyValueSpecification","valueRequired":true,"valueName":"search_term_string"}}],"inLanguage":"en-US"},{"@type":"Organization","@id":"https:\/\/souvenirexpoturkiye.com.tr\/en\/#organization","name":"D\u00dcNYANIN EN BA\u015eARILI SOUVENIR FUARI T\u00dcRK\u0130YE'DE Yunanistan'da 1984 y\u0131l\u0131ndan bu yana d\u00fczenli olarak her y\u0131l organize edilen, bug\u00fcne kadar bir\u00e7ok T\u00fcrk ...","url":"https:\/\/souvenirexpoturkiye.com.tr\/en\/","logo":{"@type":"ImageObject","inLanguage":"en-US","@id":"https:\/\/souvenirexpoturkiye.com.tr\/en\/#\/schema\/logo\/image\/","url":"https:\/\/souvenirexpoturkiye.com.tr\/wp-content\/uploads\/2024\/09\/SOUVENIR-2024-LOGO_2.png","contentUrl":"https:\/\/souvenirexpoturkiye.com.tr\/wp-content\/uploads\/2024\/09\/SOUVENIR-2024-LOGO_2.png","width":2640,"height":1314,"caption":"D\u00dcNYANIN EN BA\u015eARILI SOUVENIR FUARI T\u00dcRK\u0130YE'DE Yunanistan'da 1984 y\u0131l\u0131ndan bu yana d\u00fczenli olarak her y\u0131l organize edilen, bug\u00fcne kadar bir\u00e7ok T\u00fcrk ..."},"image":{"@id":"https:\/\/souvenirexpoturkiye.com.tr\/en\/#\/schema\/logo\/image\/"},"sameAs":["https:\/\/www.facebook.com\/souvenirexpoturkiye","https:\/\/x.com\/souvenirexpotr","https:\/\/www.instagram.com\/souvenirexpoturkiye\/"]}]}},"_links":{"self":[{"href":"https:\/\/souvenirexpoturkiye.com.tr\/en\/wp-json\/wp\/v2\/pages\/2170","targetHints":{"allow":["GET"]}}],"collection":[{"href":"https:\/\/souvenirexpoturkiye.com.tr\/en\/wp-json\/wp\/v2\/pages"}],"about":[{"href":"https:\/\/souvenirexpoturkiye.com.tr\/en\/wp-json\/wp\/v2\/types\/page"}],"author":[{"embeddable":true,"href":"https:\/\/souvenirexpoturkiye.com.tr\/en\/wp-json\/wp\/v2\/users\/1"}],"replies":[{"embeddable":true,"href":"https:\/\/souvenirexpoturkiye.com.tr\/en\/wp-json\/wp\/v2\/comments?post=2170"}],"version-history":[{"count":17,"href":"https:\/\/souvenirexpoturkiye.com.tr\/en\/wp-json\/wp\/v2\/pages\/2170\/revisions"}],"predecessor-version":[{"id":6935,"href":"https:\/\/souvenirexpoturkiye.com.tr\/en\/wp-json\/wp\/v2\/pages\/2170\/revisions\/6935"}],"wp:attachment":[{"href":"https:\/\/souvenirexpoturkiye.com.tr\/en\/wp-json\/wp\/v2\/media?parent=2170"}],"curies":[{"name":"wp","href":"https:\/\/api.w.org\/{rel}","templated":true}]}}