{"id":2172,"date":"2024-09-07T07:12:17","date_gmt":"2024-09-07T07:12:17","guid":{"rendered":"https:\/\/souvenirexpoturkiye.com.tr\/exhibition-center\/"},"modified":"2026-02-11T10:55:24","modified_gmt":"2026-02-11T10:55:24","slug":"yenikapi-expo-center","status":"publish","type":"page","link":"https:\/\/souvenirexpoturkiye.com.tr\/en\/yenikapi-expo-center\/","title":{"rendered":"Yenikap\u0131 Expo Center"},"content":{"rendered":"\t\t<div data-elementor-type=\"wp-page\" data-elementor-id=\"2172\" class=\"elementor elementor-2172 elementor-1174\" data-elementor-post-type=\"page\">\n\t\t\t\t<div class=\"elementor-element elementor-element-f25ea6a e-flex e-con-boxed e-con e-parent\" data-id=\"f25ea6a\" data-element_type=\"container\" data-settings=\"{&quot;background_background&quot;:&quot;classic&quot;,&quot;jet_parallax_layout_list&quot;:[]}\">\n\t\t\t\t\t<div class=\"e-con-inner\">\n\t\t\t\t<div class=\"elementor-element elementor-element-c90ac08 elementor-widget elementor-widget-heading\" data-id=\"c90ac08\" data-element_type=\"widget\" data-widget_type=\"heading.default\">\n\t\t\t\t<div class=\"elementor-widget-container\">\n\t\t\t\t\t<h2 class=\"elementor-heading-title elementor-size-default\">Yenikap\u0131 Expo Center<\/h2>\t\t\t\t<\/div>\n\t\t\t\t<\/div>\n\t\t\t\t\t<\/div>\n\t\t\t\t<\/div>\n\t\t<div class=\"elementor-element elementor-element-900ea26 e-flex e-con-boxed e-con e-parent\" data-id=\"900ea26\" data-element_type=\"container\" data-settings=\"{&quot;jet_parallax_layout_list&quot;:[]}\">\n\t\t\t\t\t<div class=\"e-con-inner\">\n\t\t\t\t<div class=\"elementor-element elementor-element-254c94c elementor-widget elementor-widget-heading\" data-id=\"254c94c\" data-element_type=\"widget\" data-widget_type=\"heading.default\">\n\t\t\t\t<div class=\"elementor-widget-container\">\n\t\t\t\t\t<h2 class=\"elementor-heading-title elementor-size-default\">Yenikap\u0131 Expo Center<\/h2>\t\t\t\t<\/div>\n\t\t\t\t<\/div>\n\t\t\t\t\t<\/div>\n\t\t\t\t<\/div>\n\t\t<div class=\"elementor-element elementor-element-34c44f9 e-flex e-con-boxed e-con e-parent\" data-id=\"34c44f9\" data-element_type=\"container\" data-settings=\"{&quot;jet_parallax_layout_list&quot;:[]}\">\n\t\t\t\t\t<div class=\"e-con-inner\">\n\t\t\t\t<div class=\"elementor-element elementor-element-54891d7 elementor-widget elementor-widget-google_maps\" data-id=\"54891d7\" data-element_type=\"widget\" data-widget_type=\"google_maps.default\">\n\t\t\t\t<div class=\"elementor-widget-container\">\n\t\t\t\t\t\t\t<div class=\"elementor-custom-embed\">\n\t\t\t<iframe loading=\"lazy\"\n\t\t\t\t\tsrc=\"https:\/\/maps.google.com\/maps?q=yenikap%C4%B1%20etkinlik&#038;t=m&#038;z=15&#038;output=embed&#038;iwloc=near\"\n\t\t\t\t\ttitle=\"yenikap\u0131 etkinlik\"\n\t\t\t\t\taria-label=\"yenikap\u0131 etkinlik\"\n\t\t\t><\/iframe>\n\t\t<\/div>\n\t\t\t\t\t\t<\/div>\n\t\t\t\t<\/div>\n\t\t\t\t\t<\/div>\n\t\t\t\t<\/div>\n\t\t\t\t<\/div>\n\t\t","protected":false},"excerpt":{"rendered":"<p>Yenikap\u0131 Expo Center<\/p>\n","protected":false},"author":1,"featured_media":0,"parent":0,"menu_order":0,"comment_status":"closed","ping_status":"closed","template":"","meta":{"footnotes":""},"class_list":["post-2172","page","type-page","status-publish","hentry"],"yoast_head":"<!-- This site is optimized with the Yoast SEO plugin v25.3.1 - https:\/\/yoast.com\/wordpress\/plugins\/seo\/ -->\n<title>Yenikap\u0131 Expo Center - Souvenir Expo Turkiye<\/title>\n<meta name=\"robots\" content=\"index, follow, max-snippet:-1, max-image-preview:large, max-video-preview:-1\" \/>\n<link rel=\"canonical\" href=\"https:\/\/souvenirexpoturkiye.com.tr\/en\/yenikapi-expo-center\/\" \/>\n<meta property=\"og:locale\" content=\"en_US\" \/>\n<meta property=\"og:type\" content=\"article\" \/>\n<meta property=\"og:title\" content=\"Yenikap\u0131 Expo Center - Souvenir Expo Turkiye\" \/>\n<meta property=\"og:description\" content=\"Yenikap\u0131 Expo Center\" \/>\n<meta property=\"og:url\" content=\"https:\/\/souvenirexpoturkiye.com.tr\/en\/yenikapi-expo-center\/\" \/>\n<meta property=\"og:site_name\" content=\"Souvenir Expo Turkiye\" \/>\n<meta property=\"article:publisher\" content=\"https:\/\/www.facebook.com\/souvenirexpoturkiye\" \/>\n<meta property=\"article:modified_time\" content=\"2026-02-11T10:55:24+00:00\" \/>\n<meta name=\"twitter:card\" content=\"summary_large_image\" \/>\n<meta name=\"twitter:site\" content=\"@souvenirexpotr\" \/>\n<meta name=\"twitter:label1\" content=\"Est. reading time\" \/>\n\t<meta name=\"twitter:data1\" content=\"1 minute\" \/>\n<script type=\"application\/ld+json\" class=\"yoast-schema-graph\">{\"@context\":\"https:\/\/schema.org\",\"@graph\":[{\"@type\":\"WebPage\",\"@id\":\"https:\/\/souvenirexpoturkiye.com.tr\/en\/yenikapi-expo-center\/\",\"url\":\"https:\/\/souvenirexpoturkiye.com.tr\/en\/yenikapi-expo-center\/\",\"name\":\"Yenikap\u0131 Expo Center - Souvenir Expo Turkiye\",\"isPartOf\":{\"@id\":\"https:\/\/souvenirexpoturkiye.com.tr\/en\/#website\"},\"datePublished\":\"2024-09-07T07:12:17+00:00\",\"dateModified\":\"2026-02-11T10:55:24+00:00\",\"breadcrumb\":{\"@id\":\"https:\/\/souvenirexpoturkiye.com.tr\/en\/yenikapi-expo-center\/#breadcrumb\"},\"inLanguage\":\"en-US\",\"potentialAction\":[{\"@type\":\"ReadAction\",\"target\":[\"https:\/\/souvenirexpoturkiye.com.tr\/en\/yenikapi-expo-center\/\"]}]},{\"@type\":\"BreadcrumbList\",\"@id\":\"https:\/\/souvenirexpoturkiye.com.tr\/en\/yenikapi-expo-center\/#breadcrumb\",\"itemListElement\":[{\"@type\":\"ListItem\",\"position\":1,\"name\":\"Home\",\"item\":\"https:\/\/souvenirexpoturkiye.com.tr\/en\/\"},{\"@type\":\"ListItem\",\"position\":2,\"name\":\"Yenikap\u0131 Expo Center\"}]},{\"@type\":\"WebSite\",\"@id\":\"https:\/\/souvenirexpoturkiye.com.tr\/en\/#website\",\"url\":\"https:\/\/souvenirexpoturkiye.com.tr\/en\/\",\"name\":\"Souvenir Expo Turkiye\",\"description\":\"D\u00dcNYANIN EN BA\u015eARILI SOUVENIR FUARI T\u00dcRK\u0130YE&#039;DE\",\"publisher\":{\"@id\":\"https:\/\/souvenirexpoturkiye.com.tr\/en\/#organization\"},\"potentialAction\":[{\"@type\":\"SearchAction\",\"target\":{\"@type\":\"EntryPoint\",\"urlTemplate\":\"https:\/\/souvenirexpoturkiye.com.tr\/en\/?s={search_term_string}\"},\"query-input\":{\"@type\":\"PropertyValueSpecification\",\"valueRequired\":true,\"valueName\":\"search_term_string\"}}],\"inLanguage\":\"en-US\"},{\"@type\":\"Organization\",\"@id\":\"https:\/\/souvenirexpoturkiye.com.tr\/en\/#organization\",\"name\":\"D\u00dcNYANIN EN BA\u015eARILI SOUVENIR FUARI T\u00dcRK\u0130YE'DE Yunanistan'da 1984 y\u0131l\u0131ndan bu yana d\u00fczenli olarak her y\u0131l organize edilen, bug\u00fcne kadar bir\u00e7ok T\u00fcrk ...\",\"url\":\"https:\/\/souvenirexpoturkiye.com.tr\/en\/\",\"logo\":{\"@type\":\"ImageObject\",\"inLanguage\":\"en-US\",\"@id\":\"https:\/\/souvenirexpoturkiye.com.tr\/en\/#\/schema\/logo\/image\/\",\"url\":\"https:\/\/souvenirexpoturkiye.com.tr\/wp-content\/uploads\/2024\/09\/SOUVENIR-2024-LOGO_2.png\",\"contentUrl\":\"https:\/\/souvenirexpoturkiye.com.tr\/wp-content\/uploads\/2024\/09\/SOUVENIR-2024-LOGO_2.png\",\"width\":2640,\"height\":1314,\"caption\":\"D\u00dcNYANIN EN BA\u015eARILI SOUVENIR FUARI T\u00dcRK\u0130YE'DE Yunanistan'da 1984 y\u0131l\u0131ndan bu yana d\u00fczenli olarak her y\u0131l organize edilen, bug\u00fcne kadar bir\u00e7ok T\u00fcrk ...\"},\"image\":{\"@id\":\"https:\/\/souvenirexpoturkiye.com.tr\/en\/#\/schema\/logo\/image\/\"},\"sameAs\":[\"https:\/\/www.facebook.com\/souvenirexpoturkiye\",\"https:\/\/x.com\/souvenirexpotr\",\"https:\/\/www.instagram.com\/souvenirexpoturkiye\/\"]}]}<\/script>\n<!-- \/ Yoast SEO plugin. -->","yoast_head_json":{"title":"Yenikap\u0131 Expo Center - Souvenir Expo Turkiye","robots":{"index":"index","follow":"follow","max-snippet":"max-snippet:-1","max-image-preview":"max-image-preview:large","max-video-preview":"max-video-preview:-1"},"canonical":"https:\/\/souvenirexpoturkiye.com.tr\/en\/yenikapi-expo-center\/","og_locale":"en_US","og_type":"article","og_title":"Yenikap\u0131 Expo Center - Souvenir Expo Turkiye","og_description":"Yenikap\u0131 Expo Center","og_url":"https:\/\/souvenirexpoturkiye.com.tr\/en\/yenikapi-expo-center\/","og_site_name":"Souvenir Expo Turkiye","article_publisher":"https:\/\/www.facebook.com\/souvenirexpoturkiye","article_modified_time":"2026-02-11T10:55:24+00:00","twitter_card":"summary_large_image","twitter_site":"@souvenirexpotr","twitter_misc":{"Est. reading time":"1 minute"},"schema":{"@context":"https:\/\/schema.org","@graph":[{"@type":"WebPage","@id":"https:\/\/souvenirexpoturkiye.com.tr\/en\/yenikapi-expo-center\/","url":"https:\/\/souvenirexpoturkiye.com.tr\/en\/yenikapi-expo-center\/","name":"Yenikap\u0131 Expo Center - Souvenir Expo Turkiye","isPartOf":{"@id":"https:\/\/souvenirexpoturkiye.com.tr\/en\/#website"},"datePublished":"2024-09-07T07:12:17+00:00","dateModified":"2026-02-11T10:55:24+00:00","breadcrumb":{"@id":"https:\/\/souvenirexpoturkiye.com.tr\/en\/yenikapi-expo-center\/#breadcrumb"},"inLanguage":"en-US","potentialAction":[{"@type":"ReadAction","target":["https:\/\/souvenirexpoturkiye.com.tr\/en\/yenikapi-expo-center\/"]}]},{"@type":"BreadcrumbList","@id":"https:\/\/souvenirexpoturkiye.com.tr\/en\/yenikapi-expo-center\/#breadcrumb","itemListElement":[{"@type":"ListItem","position":1,"name":"Home","item":"https:\/\/souvenirexpoturkiye.com.tr\/en\/"},{"@type":"ListItem","position":2,"name":"Yenikap\u0131 Expo Center"}]},{"@type":"WebSite","@id":"https:\/\/souvenirexpoturkiye.com.tr\/en\/#website","url":"https:\/\/souvenirexpoturkiye.com.tr\/en\/","name":"Souvenir Expo Turkiye","description":"D\u00dcNYANIN EN BA\u015eARILI SOUVENIR FUARI T\u00dcRK\u0130YE&#039;DE","publisher":{"@id":"https:\/\/souvenirexpoturkiye.com.tr\/en\/#organization"},"potentialAction":[{"@type":"SearchAction","target":{"@type":"EntryPoint","urlTemplate":"https:\/\/souvenirexpoturkiye.com.tr\/en\/?s={search_term_string}"},"query-input":{"@type":"PropertyValueSpecification","valueRequired":true,"valueName":"search_term_string"}}],"inLanguage":"en-US"},{"@type":"Organization","@id":"https:\/\/souvenirexpoturkiye.com.tr\/en\/#organization","name":"D\u00dcNYANIN EN BA\u015eARILI SOUVENIR FUARI T\u00dcRK\u0130YE'DE Yunanistan'da 1984 y\u0131l\u0131ndan bu yana d\u00fczenli olarak her y\u0131l organize edilen, bug\u00fcne kadar bir\u00e7ok T\u00fcrk ...","url":"https:\/\/souvenirexpoturkiye.com.tr\/en\/","logo":{"@type":"ImageObject","inLanguage":"en-US","@id":"https:\/\/souvenirexpoturkiye.com.tr\/en\/#\/schema\/logo\/image\/","url":"https:\/\/souvenirexpoturkiye.com.tr\/wp-content\/uploads\/2024\/09\/SOUVENIR-2024-LOGO_2.png","contentUrl":"https:\/\/souvenirexpoturkiye.com.tr\/wp-content\/uploads\/2024\/09\/SOUVENIR-2024-LOGO_2.png","width":2640,"height":1314,"caption":"D\u00dcNYANIN EN BA\u015eARILI SOUVENIR FUARI T\u00dcRK\u0130YE'DE Yunanistan'da 1984 y\u0131l\u0131ndan bu yana d\u00fczenli olarak her y\u0131l organize edilen, bug\u00fcne kadar bir\u00e7ok T\u00fcrk ..."},"image":{"@id":"https:\/\/souvenirexpoturkiye.com.tr\/en\/#\/schema\/logo\/image\/"},"sameAs":["https:\/\/www.facebook.com\/souvenirexpoturkiye","https:\/\/x.com\/souvenirexpotr","https:\/\/www.instagram.com\/souvenirexpoturkiye\/"]}]}},"_links":{"self":[{"href":"https:\/\/souvenirexpoturkiye.com.tr\/en\/wp-json\/wp\/v2\/pages\/2172","targetHints":{"allow":["GET"]}}],"collection":[{"href":"https:\/\/souvenirexpoturkiye.com.tr\/en\/wp-json\/wp\/v2\/pages"}],"about":[{"href":"https:\/\/souvenirexpoturkiye.com.tr\/en\/wp-json\/wp\/v2\/types\/page"}],"author":[{"embeddable":true,"href":"https:\/\/souvenirexpoturkiye.com.tr\/en\/wp-json\/wp\/v2\/users\/1"}],"replies":[{"embeddable":true,"href":"https:\/\/souvenirexpoturkiye.com.tr\/en\/wp-json\/wp\/v2\/comments?post=2172"}],"version-history":[{"count":13,"href":"https:\/\/souvenirexpoturkiye.com.tr\/en\/wp-json\/wp\/v2\/pages\/2172\/revisions"}],"predecessor-version":[{"id":6542,"href":"https:\/\/souvenirexpoturkiye.com.tr\/en\/wp-json\/wp\/v2\/pages\/2172\/revisions\/6542"}],"wp:attachment":[{"href":"https:\/\/souvenirexpoturkiye.com.tr\/en\/wp-json\/wp\/v2\/media?parent=2172"}],"curies":[{"name":"wp","href":"https:\/\/api.w.org\/{rel}","templated":true}]}}