{"id":6563,"date":"2026-02-20T08:28:25","date_gmt":"2026-02-20T08:28:25","guid":{"rendered":"https:\/\/souvenirexpoturkiye.com.tr\/thanks\/"},"modified":"2026-02-20T08:33:34","modified_gmt":"2026-02-20T08:33:34","slug":"thanks","status":"publish","type":"page","link":"https:\/\/souvenirexpoturkiye.com.tr\/en\/thanks\/","title":{"rendered":"Thanks"},"content":{"rendered":"\t\t<div data-elementor-type=\"wp-page\" data-elementor-id=\"6563\" class=\"elementor elementor-6563 elementor-6558\" data-elementor-post-type=\"page\">\n\t\t\t\t<div class=\"elementor-element elementor-element-c9bddc8 e-flex e-con-boxed e-con e-parent\" data-id=\"c9bddc8\" data-element_type=\"container\" data-settings=\"{&quot;background_background&quot;:&quot;classic&quot;,&quot;jet_parallax_layout_list&quot;:[]}\">\n\t\t\t\t\t<div class=\"e-con-inner\">\n\t\t\t\t<div class=\"elementor-element elementor-element-5a5e489 elementor-widget elementor-widget-heading\" data-id=\"5a5e489\" data-element_type=\"widget\" data-widget_type=\"heading.default\">\n\t\t\t\t<div class=\"elementor-widget-container\">\n\t\t\t\t\t<h2 class=\"elementor-heading-title elementor-size-default\">Thanks<\/h2>\t\t\t\t<\/div>\n\t\t\t\t<\/div>\n\t\t\t\t\t<\/div>\n\t\t\t\t<\/div>\n\t\t<div class=\"elementor-element elementor-element-197b4141 e-flex e-con-boxed e-con e-parent\" data-id=\"197b4141\" data-element_type=\"container\" id=\"xs_cta_style_15\" data-settings=\"{&quot;jet_parallax_layout_list&quot;:[]}\">\n\t\t\t\t\t<div class=\"e-con-inner\">\n\t\t\t\t<div class=\"elementor-element elementor-element-1fdcf6b9 elementor-widget elementor-widget-elementskit-heading\" data-id=\"1fdcf6b9\" data-element_type=\"widget\" data-widget_type=\"elementskit-heading.default\">\n\t\t\t\t<div class=\"elementor-widget-container\">\n\t\t\t\t\t<div class=\"ekit-wid-con\" ><div class=\"ekit-heading elementskit-section-title-wraper text_center   ekit_heading_tablet-   ekit_heading_mobile-\"><h2 class=\"ekit-heading--title elementskit-section-title \">Your registration has been successfully completed.<\/h2><div class=\"ekit_heading_separetor_wraper ekit_heading_elementskit-border-divider ekit-dotted\"><div class=\"elementskit-border-divider ekit-dotted\"><\/div><\/div><\/div><\/div>\t\t\t\t<\/div>\n\t\t\t\t<\/div>\n\t\t\t\t<div class=\"elementor-element elementor-element-fed3ad5 elementor-align--mobilecenter elementor-widget-tablet__width-inherit elementor-widget-mobile__width-auto elementor-align-center elementor-widget elementor-widget-elementskit-button\" data-id=\"fed3ad5\" data-element_type=\"widget\" data-widget_type=\"elementskit-button.default\">\n\t\t\t\t<div class=\"elementor-widget-container\">\n\t\t\t\t\t<div class=\"ekit-wid-con\" >\t\t<div class=\"ekit-btn-wraper\">\n\t\t\t\t\t\t\t<a href=\"\/\" class=\"elementskit-btn  whitespace--normal\" id=\"\">\n\t\t\t\t\tHomepage<i class=\"fasicon icon-right-arrow\"><\/i>\t\t\t\t<\/a>\n\t\t\t\t\t<\/div>\n        <\/div>\t\t\t\t<\/div>\n\t\t\t\t<\/div>\n\t\t\t\t\t<\/div>\n\t\t\t\t<\/div>\n\t\t\t\t<\/div>\n\t\t","protected":false},"excerpt":{"rendered":"<p>Your registration has been successfully completed. Homepage<\/p>\n","protected":false},"author":6,"featured_media":0,"parent":0,"menu_order":0,"comment_status":"closed","ping_status":"closed","template":"","meta":{"footnotes":""},"class_list":["post-6563","page","type-page","status-publish","hentry"],"yoast_head":"<!-- This site is optimized with the Yoast SEO plugin v25.3.1 - https:\/\/yoast.com\/wordpress\/plugins\/seo\/ -->\n<title>Thanks - Souvenir Expo Turkiye<\/title>\n<meta name=\"robots\" content=\"index, follow, max-snippet:-1, max-image-preview:large, max-video-preview:-1\" \/>\n<link rel=\"canonical\" href=\"https:\/\/souvenirexpoturkiye.com.tr\/en\/thanks\/\" \/>\n<meta property=\"og:locale\" content=\"en_US\" \/>\n<meta property=\"og:type\" content=\"article\" \/>\n<meta property=\"og:title\" content=\"Thanks - Souvenir Expo Turkiye\" \/>\n<meta property=\"og:description\" content=\"Your registration has been successfully completed. Homepage\" \/>\n<meta property=\"og:url\" content=\"https:\/\/souvenirexpoturkiye.com.tr\/en\/thanks\/\" \/>\n<meta property=\"og:site_name\" content=\"Souvenir Expo Turkiye\" \/>\n<meta property=\"article:publisher\" content=\"https:\/\/www.facebook.com\/souvenirexpoturkiye\" \/>\n<meta property=\"article:modified_time\" content=\"2026-02-20T08:33:34+00:00\" \/>\n<meta name=\"twitter:card\" content=\"summary_large_image\" \/>\n<meta name=\"twitter:site\" content=\"@souvenirexpotr\" \/>\n<script type=\"application\/ld+json\" class=\"yoast-schema-graph\">{\"@context\":\"https:\/\/schema.org\",\"@graph\":[{\"@type\":\"WebPage\",\"@id\":\"https:\/\/souvenirexpoturkiye.com.tr\/en\/thanks\/\",\"url\":\"https:\/\/souvenirexpoturkiye.com.tr\/en\/thanks\/\",\"name\":\"Thanks - Souvenir Expo Turkiye\",\"isPartOf\":{\"@id\":\"https:\/\/souvenirexpoturkiye.com.tr\/en\/#website\"},\"datePublished\":\"2026-02-20T08:28:25+00:00\",\"dateModified\":\"2026-02-20T08:33:34+00:00\",\"breadcrumb\":{\"@id\":\"https:\/\/souvenirexpoturkiye.com.tr\/en\/thanks\/#breadcrumb\"},\"inLanguage\":\"en-US\",\"potentialAction\":[{\"@type\":\"ReadAction\",\"target\":[\"https:\/\/souvenirexpoturkiye.com.tr\/en\/thanks\/\"]}]},{\"@type\":\"BreadcrumbList\",\"@id\":\"https:\/\/souvenirexpoturkiye.com.tr\/en\/thanks\/#breadcrumb\",\"itemListElement\":[{\"@type\":\"ListItem\",\"position\":1,\"name\":\"Home\",\"item\":\"https:\/\/souvenirexpoturkiye.com.tr\/en\/\"},{\"@type\":\"ListItem\",\"position\":2,\"name\":\"Thanks\"}]},{\"@type\":\"WebSite\",\"@id\":\"https:\/\/souvenirexpoturkiye.com.tr\/en\/#website\",\"url\":\"https:\/\/souvenirexpoturkiye.com.tr\/en\/\",\"name\":\"Souvenir Expo Turkiye\",\"description\":\"D\u00dcNYANIN EN BA\u015eARILI SOUVENIR FUARI T\u00dcRK\u0130YE&#039;DE\",\"publisher\":{\"@id\":\"https:\/\/souvenirexpoturkiye.com.tr\/en\/#organization\"},\"potentialAction\":[{\"@type\":\"SearchAction\",\"target\":{\"@type\":\"EntryPoint\",\"urlTemplate\":\"https:\/\/souvenirexpoturkiye.com.tr\/en\/?s={search_term_string}\"},\"query-input\":{\"@type\":\"PropertyValueSpecification\",\"valueRequired\":true,\"valueName\":\"search_term_string\"}}],\"inLanguage\":\"en-US\"},{\"@type\":\"Organization\",\"@id\":\"https:\/\/souvenirexpoturkiye.com.tr\/en\/#organization\",\"name\":\"D\u00dcNYANIN EN BA\u015eARILI SOUVENIR FUARI T\u00dcRK\u0130YE'DE Yunanistan'da 1984 y\u0131l\u0131ndan bu yana d\u00fczenli olarak her y\u0131l organize edilen, bug\u00fcne kadar bir\u00e7ok T\u00fcrk ...\",\"url\":\"https:\/\/souvenirexpoturkiye.com.tr\/en\/\",\"logo\":{\"@type\":\"ImageObject\",\"inLanguage\":\"en-US\",\"@id\":\"https:\/\/souvenirexpoturkiye.com.tr\/en\/#\/schema\/logo\/image\/\",\"url\":\"https:\/\/souvenirexpoturkiye.com.tr\/wp-content\/uploads\/2024\/09\/SOUVENIR-2024-LOGO_2.png\",\"contentUrl\":\"https:\/\/souvenirexpoturkiye.com.tr\/wp-content\/uploads\/2024\/09\/SOUVENIR-2024-LOGO_2.png\",\"width\":2640,\"height\":1314,\"caption\":\"D\u00dcNYANIN EN BA\u015eARILI SOUVENIR FUARI T\u00dcRK\u0130YE'DE Yunanistan'da 1984 y\u0131l\u0131ndan bu yana d\u00fczenli olarak her y\u0131l organize edilen, bug\u00fcne kadar bir\u00e7ok T\u00fcrk ...\"},\"image\":{\"@id\":\"https:\/\/souvenirexpoturkiye.com.tr\/en\/#\/schema\/logo\/image\/\"},\"sameAs\":[\"https:\/\/www.facebook.com\/souvenirexpoturkiye\",\"https:\/\/x.com\/souvenirexpotr\",\"https:\/\/www.instagram.com\/souvenirexpoturkiye\/\"]}]}<\/script>\n<!-- \/ Yoast SEO plugin. -->","yoast_head_json":{"title":"Thanks - Souvenir Expo Turkiye","robots":{"index":"index","follow":"follow","max-snippet":"max-snippet:-1","max-image-preview":"max-image-preview:large","max-video-preview":"max-video-preview:-1"},"canonical":"https:\/\/souvenirexpoturkiye.com.tr\/en\/thanks\/","og_locale":"en_US","og_type":"article","og_title":"Thanks - Souvenir Expo Turkiye","og_description":"Your registration has been successfully completed. Homepage","og_url":"https:\/\/souvenirexpoturkiye.com.tr\/en\/thanks\/","og_site_name":"Souvenir Expo Turkiye","article_publisher":"https:\/\/www.facebook.com\/souvenirexpoturkiye","article_modified_time":"2026-02-20T08:33:34+00:00","twitter_card":"summary_large_image","twitter_site":"@souvenirexpotr","schema":{"@context":"https:\/\/schema.org","@graph":[{"@type":"WebPage","@id":"https:\/\/souvenirexpoturkiye.com.tr\/en\/thanks\/","url":"https:\/\/souvenirexpoturkiye.com.tr\/en\/thanks\/","name":"Thanks - Souvenir Expo Turkiye","isPartOf":{"@id":"https:\/\/souvenirexpoturkiye.com.tr\/en\/#website"},"datePublished":"2026-02-20T08:28:25+00:00","dateModified":"2026-02-20T08:33:34+00:00","breadcrumb":{"@id":"https:\/\/souvenirexpoturkiye.com.tr\/en\/thanks\/#breadcrumb"},"inLanguage":"en-US","potentialAction":[{"@type":"ReadAction","target":["https:\/\/souvenirexpoturkiye.com.tr\/en\/thanks\/"]}]},{"@type":"BreadcrumbList","@id":"https:\/\/souvenirexpoturkiye.com.tr\/en\/thanks\/#breadcrumb","itemListElement":[{"@type":"ListItem","position":1,"name":"Home","item":"https:\/\/souvenirexpoturkiye.com.tr\/en\/"},{"@type":"ListItem","position":2,"name":"Thanks"}]},{"@type":"WebSite","@id":"https:\/\/souvenirexpoturkiye.com.tr\/en\/#website","url":"https:\/\/souvenirexpoturkiye.com.tr\/en\/","name":"Souvenir Expo Turkiye","description":"D\u00dcNYANIN EN BA\u015eARILI SOUVENIR FUARI T\u00dcRK\u0130YE&#039;DE","publisher":{"@id":"https:\/\/souvenirexpoturkiye.com.tr\/en\/#organization"},"potentialAction":[{"@type":"SearchAction","target":{"@type":"EntryPoint","urlTemplate":"https:\/\/souvenirexpoturkiye.com.tr\/en\/?s={search_term_string}"},"query-input":{"@type":"PropertyValueSpecification","valueRequired":true,"valueName":"search_term_string"}}],"inLanguage":"en-US"},{"@type":"Organization","@id":"https:\/\/souvenirexpoturkiye.com.tr\/en\/#organization","name":"D\u00dcNYANIN EN BA\u015eARILI SOUVENIR FUARI T\u00dcRK\u0130YE'DE Yunanistan'da 1984 y\u0131l\u0131ndan bu yana d\u00fczenli olarak her y\u0131l organize edilen, bug\u00fcne kadar bir\u00e7ok T\u00fcrk ...","url":"https:\/\/souvenirexpoturkiye.com.tr\/en\/","logo":{"@type":"ImageObject","inLanguage":"en-US","@id":"https:\/\/souvenirexpoturkiye.com.tr\/en\/#\/schema\/logo\/image\/","url":"https:\/\/souvenirexpoturkiye.com.tr\/wp-content\/uploads\/2024\/09\/SOUVENIR-2024-LOGO_2.png","contentUrl":"https:\/\/souvenirexpoturkiye.com.tr\/wp-content\/uploads\/2024\/09\/SOUVENIR-2024-LOGO_2.png","width":2640,"height":1314,"caption":"D\u00dcNYANIN EN BA\u015eARILI SOUVENIR FUARI T\u00dcRK\u0130YE'DE Yunanistan'da 1984 y\u0131l\u0131ndan bu yana d\u00fczenli olarak her y\u0131l organize edilen, bug\u00fcne kadar bir\u00e7ok T\u00fcrk ..."},"image":{"@id":"https:\/\/souvenirexpoturkiye.com.tr\/en\/#\/schema\/logo\/image\/"},"sameAs":["https:\/\/www.facebook.com\/souvenirexpoturkiye","https:\/\/x.com\/souvenirexpotr","https:\/\/www.instagram.com\/souvenirexpoturkiye\/"]}]}},"_links":{"self":[{"href":"https:\/\/souvenirexpoturkiye.com.tr\/en\/wp-json\/wp\/v2\/pages\/6563","targetHints":{"allow":["GET"]}}],"collection":[{"href":"https:\/\/souvenirexpoturkiye.com.tr\/en\/wp-json\/wp\/v2\/pages"}],"about":[{"href":"https:\/\/souvenirexpoturkiye.com.tr\/en\/wp-json\/wp\/v2\/types\/page"}],"author":[{"embeddable":true,"href":"https:\/\/souvenirexpoturkiye.com.tr\/en\/wp-json\/wp\/v2\/users\/6"}],"replies":[{"embeddable":true,"href":"https:\/\/souvenirexpoturkiye.com.tr\/en\/wp-json\/wp\/v2\/comments?post=6563"}],"version-history":[{"count":1,"href":"https:\/\/souvenirexpoturkiye.com.tr\/en\/wp-json\/wp\/v2\/pages\/6563\/revisions"}],"predecessor-version":[{"id":6564,"href":"https:\/\/souvenirexpoturkiye.com.tr\/en\/wp-json\/wp\/v2\/pages\/6563\/revisions\/6564"}],"wp:attachment":[{"href":"https:\/\/souvenirexpoturkiye.com.tr\/en\/wp-json\/wp\/v2\/media?parent=6563"}],"curies":[{"name":"wp","href":"https:\/\/api.w.org\/{rel}","templated":true}]}}