{"id":6986,"date":"2026-03-06T08:33:51","date_gmt":"2026-03-06T08:33:51","guid":{"rendered":"https:\/\/souvenirexpoturkiye.com.tr\/visitor-form\/"},"modified":"2026-03-12T13:45:02","modified_gmt":"2026-03-12T13:45:02","slug":"visitor-form","status":"publish","type":"page","link":"https:\/\/souvenirexpoturkiye.com.tr\/en\/visitor-form\/","title":{"rendered":"Visitor Form"},"content":{"rendered":"\t\t<div data-elementor-type=\"wp-page\" data-elementor-id=\"6986\" class=\"elementor elementor-6986 elementor-6981\" data-elementor-post-type=\"page\">\n\t\t\t\t<div class=\"elementor-element elementor-element-b9986cb e-flex e-con-boxed e-con e-parent\" data-id=\"b9986cb\" data-element_type=\"container\" data-settings=\"{&quot;background_background&quot;:&quot;classic&quot;,&quot;jet_parallax_layout_list&quot;:[]}\">\n\t\t\t\t\t<div class=\"e-con-inner\">\n\t\t\t\t<div class=\"elementor-element elementor-element-e015637 elementor-widget elementor-widget-heading\" data-id=\"e015637\" data-element_type=\"widget\" data-widget_type=\"heading.default\">\n\t\t\t\t<div class=\"elementor-widget-container\">\n\t\t\t\t\t<h2 class=\"elementor-heading-title elementor-size-default\">Apply Now to Visit the Fair<\/h2>\t\t\t\t<\/div>\n\t\t\t\t<\/div>\n\t\t\t\t\t<\/div>\n\t\t\t\t<\/div>\n\t\t<div class=\"elementor-element elementor-element-1be68b5 e-flex e-con-boxed e-con e-parent\" data-id=\"1be68b5\" data-element_type=\"container\" data-settings=\"{&quot;jet_parallax_layout_list&quot;:[]}\">\n\t\t\t\t\t<div class=\"e-con-inner\">\n\t\t<div class=\"elementor-element elementor-element-5006e34 e-con-full e-flex e-con e-child\" data-id=\"5006e34\" data-element_type=\"container\" data-settings=\"{&quot;background_background&quot;:&quot;classic&quot;,&quot;jet_parallax_layout_list&quot;:[]}\">\n\t\t<div class=\"elementor-element elementor-element-e3bf99d e-con-full e-flex e-con e-child\" data-id=\"e3bf99d\" data-element_type=\"container\" data-settings=\"{&quot;background_background&quot;:&quot;classic&quot;,&quot;jet_parallax_layout_list&quot;:[]}\">\n\t\t\t\t<div class=\"elementor-element elementor-element-624c274 elementor-widget elementor-widget-heading\" data-id=\"624c274\" data-element_type=\"widget\" data-widget_type=\"heading.default\">\n\t\t\t\t<div class=\"elementor-widget-container\">\n\t\t\t\t\t<h2 class=\"elementor-heading-title elementor-size-default\">Visitor Registration Form<\/h2>\t\t\t\t<\/div>\n\t\t\t\t<\/div>\n\t\t\t\t<div class=\"elementor-element elementor-element-69b6fc8 elementor-widget-divider--view-line elementor-widget elementor-widget-divider\" data-id=\"69b6fc8\" data-element_type=\"widget\" data-widget_type=\"divider.default\">\n\t\t\t\t<div class=\"elementor-widget-container\">\n\t\t\t\t\t\t\t<div class=\"elementor-divider\">\n\t\t\t<span class=\"elementor-divider-separator\">\n\t\t\t\t\t\t<\/span>\n\t\t<\/div>\n\t\t\t\t\t\t<\/div>\n\t\t\t\t<\/div>\n\t\t\t\t<div class=\"elementor-element elementor-element-d2bf0d8 elementor-widget-widescreen__width-initial elementor-widget__width-inherit elementor-widget elementor-widget-shortcode\" data-id=\"d2bf0d8\" data-element_type=\"widget\" data-widget_type=\"shortcode.default\">\n\t\t\t\t<div class=\"elementor-widget-container\">\n\t\t\t\t\t\t\t<div class=\"elementor-shortcode\">\n\t\t\t<form id=\"sib_signup_form_4\" method=\"post\" class=\"sib_signup_form\">\n\t\t\t\t<div class=\"sib_loader\" style=\"display:none;\"><img\n\t\t\t\t\t\t\tsrc=\"https:\/\/souvenirexpoturkiye.com.tr\/wp-includes\/images\/spinner.gif\" alt=\"loader\"><\/div>\n\t\t\t\t<input type=\"hidden\" name=\"sib_form_action\" value=\"subscribe_form_submit\">\n\t\t\t\t<input type=\"hidden\" name=\"sib_form_id\" value=\"4\">\n                <input type=\"hidden\" name=\"sib_form_alert_notice\" value=\"Please fill out this field\">\n                <input type=\"hidden\" name=\"sib_form_invalid_email_notice\" value=\"Your email address is invalid\">\n                <input type=\"hidden\" name=\"sib_security\" value=\"3e3be4073c\">\n\t\t\t\t<div class=\"sib_signup_box_inside_4\">\n\t\t\t\t\t<div style=\"\/*display:none*\/\" class=\"sib_msg_disp\">\n\t\t\t\t\t<\/div>\n                    \t\t\t\t\t<p class=\"sib-FIRSTNAME-area\"> \r\n    <label class=\"sib-FIRSTNAME-area\">Name*<\/label> \r\n    <input type=\"text\" class=\"sib-FIRSTNAME-area\" name=\"FIRSTNAME\" required=\"required\"> \r\n<\/p>\r\n\r\n<p class=\"sib-email-area\"> \r\n    <label class=\"sib-email-area\">Email*<\/label> \r\n    <input type=\"email\" class=\"sib-email-area\" name=\"email\" placeholder=\"\" value=\"\" required=\"required\"> \r\n<\/p>\r\n\r\n\r\n<p class=\"sib-COMPANY-area\"> \r\n    <label class=\"sib-COMPANY-area\">Company Name\r\n<\/label> \r\n    <input type=\"text\" class=\"sib-COMPANY-area\" name=\"COMPANY\"> \r\n<\/p>\r\n\r\n<p class=\"sib-COUNTRY-area\"> \r\n    <label class=\"sib-COUNTRY-area\">Country<\/label> \r\n    <input type=\"text\" class=\"sib-COUNTRY-area\" name=\"COUNTRY\"> \r\n<\/p>\r\n\r\n<p class=\"sib-SMS-area\"> \r\n    <label class=\"sib-SMS-area\">Telephone<\/label> \r\n<div class=\"sib-sms-field\"><div class=\"sib-country-block\"><div class=\"sib-toggle sib-country-flg\"><div class=\"sib-cflags\" style=\"background-image:url(https:\/\/souvenirexpoturkiye.com.tr\/wp-content\/plugins\/mailin\/img\/flags\/tr.png)\"><\/div> <div class=\"sib-icon-arrow\"><\/div><\/div> <\/div><ul class=\"sib-country-list\" style=\"display: none\"><\/ul><input type=\"hidden\" name=\"sib_SMS_prefix\" value=\"+90\"><input type=\"text\" name=\"SMS\" class=\"sib-sms\" value=\"+90\"><\/div>\r\n<span class=\"warning-phone\"> Please select your country and enter your phone number\r\n <\/span>\r\n<\/p>\r\n\r\n\r\n<p class=\"sib-OPT_IN-area\"> \r\n    <label class=\"sib-OPT_IN-area\">Data Privacy and Marketing Consent<\/label> \r\n  <input type=\"hidden\" name=\"OPT_IN\" value=\"0\"><input type=\"checkbox\" value=\"1\" class=\"sib-OPT_IN-area\" name=\"OPT_IN\" required=\"required\"> <span class=\"kvkk\">I agree to receive your newsletters and accept the data privacy statement.<\/span>\r\n<\/p>\r\n\r\n\r\n<p> \r\n    <input type=\"submit\" class=\"sib-default-btn\" name=\"submit\" value=\"SEND\"> \r\n<\/p>\r\n\r\n\r\n\t\t\t\t<\/div>\n\t\t\t<\/form>\n\t\t\t<style>\n\t\t\t\t\/* ===== Form wrapper ===== *\/ form#sib_signup_form_4{ box-sizing: border-box !important; background: #fff !important; } \/* spacing *\/ form#sib_signup_form_4 p{ margin: 14px 0 0 0 !important; } \/* labels *\/ form#sib_signup_form_4 label{ display: block !important; font-size: 14px !important; font-weight: 600 !important; color: #222 !important; margin-bottom: 6px !important; } \/* ===== Inputs \/ Selects \/ Textareas ===== *\/ form#sib_signup_form_4 input[type=&quot;text&quot;], form#sib_signup_form_4 input[type=&quot;email&quot;], form#sib_signup_form_4 input[type=&quot;tel&quot;], form#sib_signup_form_4 select, form#sib_signup_form_4 textarea{ width: 100% !important; box-sizing: border-box !important; border: 1px solid #d6d6d6 !important; background: #fff !important; border-radius: 12px !important; padding: 12px 14px !important; font-size: 15px !important; line-height: 1.2 !important; margin-top: 6px !important; height: auto !important; transition: border-color .2s ease, box-shadow .2s ease !important; } form#sib_signup_form_4 ::placeholder{ color: #9a9a9a !important; } \/* focus *\/ form#sib_signup_form_4 input[type=&quot;text&quot;]:focus, form#sib_signup_form_4 input[type=&quot;email&quot;]:focus, form#sib_signup_form_4 input[type=&quot;tel&quot;]:focus, form#sib_signup_form_4 select:focus, form#sib_signup_form_4 textarea:focus{ outline: none !important; border-color: #7a7a7a !important; box-shadow: 0 0 0 4px rgba(0,0,0,.06) !important; } \/* select *\/ form#sib_signup_form_4 select{ appearance: none !important; padding-right: 44px !important; background-image: linear-gradient(45deg, transparent 50%, #666 50%), linear-gradient(135deg, #666 50%, transparent 50%), linear-gradient(to right, transparent, transparent) !important; background-position: calc(100% - 18px) calc(50% - 2px), calc(100% - 13px) calc(50% - 2px), calc(100% - 42px) 0.45em !important; background-size: 6px 6px, 6px 6px, 1px 1.8em !important; background-repeat: no-repeat !important; } \/* ===== Button ===== *\/ form#sib_signup_form_4 .sib-default-btn, form#sib_signup_form_4 input[type=&quot;submit&quot;], form#sib_signup_form_4 button{ margin: 16px 0 0 0 !important; padding: 12px 16px !important; width: 100% !important; border-radius: 12px !important; border: 1px solid #111 !important; background: #111 !important; color: #fff !important; font-size: 15px !important; font-weight: 600 !important; cursor: pointer !important; transition: transform .08s ease, box-shadow .2s ease, background .2s ease !important; } form#sib_signup_form_4 .sib-default-btn:hover, form#sib_signup_form_4 input[type=&quot;submit&quot;]:hover, form#sib_signup_form_4 button:hover{ background: #222 !important; box-shadow: 0 10px 25px rgba(0,0,0,.12) !important; } form#sib_signup_form_4 .sib-default-btn:active, form#sib_signup_form_4 input[type=&quot;submit&quot;]:active, form#sib_signup_form_4 button:active{ transform: translateY(1px) !important; } \/* ===== Checkbox \/ Acceptance ===== *\/ form#sib_signup_form_4 input[type=&quot;checkbox&quot;]{ width: 16px !important; height: 16px !important; margin: 0 10px 0 0 !important; vertical-align: middle !important; } form#sib_signup_form_4 .wpcf7-acceptance label{ display: inline-flex !important; align-items: flex-start !important; gap: 10px !important; line-height: 1.35 !important; font-weight: 500 !important; color: #333 !important; } \/* ===== intl-tel-input ===== *\/ form#sib_signup_form_4 .iti{ width: 100% !important; display: block !important; margin-top: 6px !important; } form#sib_signup_form_4 .iti input[type=&quot;tel&quot;], form#sib_signup_form_4 .iti input{ width: 100% !important; border-radius: 12px !important; } form#sib_signup_form_4 .iti--separate-dial-code .iti__selected-flag{ border-right: 1px solid #e6e6e6 !important; padding: 0 10px !important; } \/* ===== CF7 validation ===== *\/ form#sib_signup_form_4 .wpcf7-not-valid-tip{ margin-top: 6px !important; font-size: 13px !important; color: #b00020 !important; } form#sib_signup_form_4 .wpcf7-response-output{ margin: 16px 0 0 0 !important; border-radius: 12px !important; padding: 12px 14px !important; } .warning-phone { font-size: 12px; font-weight: 500; color: #8390A4; } .kvkk {font-size:14px}form#sib_signup_form_4 p.sib-alert-message {\n    padding: 6px 12px;\n    margin-bottom: 20px;\n    border: 1px solid transparent;\n    border-radius: 4px;\n    -webkit-box-sizing: border-box;\n    -moz-box-sizing: border-box;\n    box-sizing: border-box;\n}\nform#sib_signup_form_4 p.sib-alert-message-error {\n    background-color: #f2dede;\n    border-color: #ebccd1;\n    color: #a94442;\n}\nform#sib_signup_form_4 p.sib-alert-message-success {\n    background-color: #dff0d8;\n    border-color: #d6e9c6;\n    color: #3c763d;\n}\nform#sib_signup_form_4 p.sib-alert-message-warning {\n    background-color: #fcf8e3;\n    border-color: #faebcc;\n    color: #8a6d3b;\n}\n\t\t\t<\/style>\n\t\t\t<\/div>\n\t\t\t\t\t\t<\/div>\n\t\t\t\t<\/div>\n\t\t\t\t<\/div>\n\t\t\t\t<\/div>\n\t\t\t\t\t<\/div>\n\t\t\t\t<\/div>\n\t\t\t\t<\/div>\n\t\t","protected":false},"excerpt":{"rendered":"<p>Apply Now to Visit the Fair Visitor Registration Form<\/p>\n","protected":false},"author":6,"featured_media":0,"parent":0,"menu_order":0,"comment_status":"closed","ping_status":"closed","template":"","meta":{"footnotes":""},"class_list":["post-6986","page","type-page","status-publish","hentry"],"yoast_head":"<!-- This site is optimized with the Yoast SEO plugin v25.3.1 - https:\/\/yoast.com\/wordpress\/plugins\/seo\/ -->\n<title>Visitor Form - Souvenir Expo Turkiye<\/title>\n<meta name=\"robots\" content=\"index, follow, max-snippet:-1, max-image-preview:large, max-video-preview:-1\" \/>\n<link rel=\"canonical\" href=\"https:\/\/souvenirexpoturkiye.com.tr\/en\/visitor-form\/\" \/>\n<meta property=\"og:locale\" content=\"en_US\" \/>\n<meta property=\"og:type\" content=\"article\" \/>\n<meta property=\"og:title\" content=\"Visitor Form - Souvenir Expo Turkiye\" \/>\n<meta property=\"og:description\" content=\"Apply Now to Visit the Fair Visitor Registration Form\" \/>\n<meta property=\"og:url\" content=\"https:\/\/souvenirexpoturkiye.com.tr\/en\/visitor-form\/\" \/>\n<meta property=\"og:site_name\" content=\"Souvenir Expo Turkiye\" \/>\n<meta property=\"article:publisher\" content=\"https:\/\/www.facebook.com\/souvenirexpoturkiye\" \/>\n<meta property=\"article:modified_time\" content=\"2026-03-12T13:45:02+00:00\" \/>\n<meta name=\"twitter:card\" content=\"summary_large_image\" \/>\n<meta name=\"twitter:site\" content=\"@souvenirexpotr\" \/>\n<meta name=\"twitter:label1\" content=\"Est. reading time\" \/>\n\t<meta name=\"twitter:data1\" content=\"1 minute\" \/>\n<script type=\"application\/ld+json\" class=\"yoast-schema-graph\">{\"@context\":\"https:\/\/schema.org\",\"@graph\":[{\"@type\":\"WebPage\",\"@id\":\"https:\/\/souvenirexpoturkiye.com.tr\/en\/visitor-form\/\",\"url\":\"https:\/\/souvenirexpoturkiye.com.tr\/en\/visitor-form\/\",\"name\":\"Visitor Form - Souvenir Expo Turkiye\",\"isPartOf\":{\"@id\":\"https:\/\/souvenirexpoturkiye.com.tr\/en\/#website\"},\"datePublished\":\"2026-03-06T08:33:51+00:00\",\"dateModified\":\"2026-03-12T13:45:02+00:00\",\"breadcrumb\":{\"@id\":\"https:\/\/souvenirexpoturkiye.com.tr\/en\/visitor-form\/#breadcrumb\"},\"inLanguage\":\"en-US\",\"potentialAction\":[{\"@type\":\"ReadAction\",\"target\":[\"https:\/\/souvenirexpoturkiye.com.tr\/en\/visitor-form\/\"]}]},{\"@type\":\"BreadcrumbList\",\"@id\":\"https:\/\/souvenirexpoturkiye.com.tr\/en\/visitor-form\/#breadcrumb\",\"itemListElement\":[{\"@type\":\"ListItem\",\"position\":1,\"name\":\"Home\",\"item\":\"https:\/\/souvenirexpoturkiye.com.tr\/en\/\"},{\"@type\":\"ListItem\",\"position\":2,\"name\":\"Visitor Form\"}]},{\"@type\":\"WebSite\",\"@id\":\"https:\/\/souvenirexpoturkiye.com.tr\/en\/#website\",\"url\":\"https:\/\/souvenirexpoturkiye.com.tr\/en\/\",\"name\":\"Souvenir Expo Turkiye\",\"description\":\"D\u00dcNYANIN EN BA\u015eARILI SOUVENIR FUARI T\u00dcRK\u0130YE&#039;DE\",\"publisher\":{\"@id\":\"https:\/\/souvenirexpoturkiye.com.tr\/en\/#organization\"},\"potentialAction\":[{\"@type\":\"SearchAction\",\"target\":{\"@type\":\"EntryPoint\",\"urlTemplate\":\"https:\/\/souvenirexpoturkiye.com.tr\/en\/?s={search_term_string}\"},\"query-input\":{\"@type\":\"PropertyValueSpecification\",\"valueRequired\":true,\"valueName\":\"search_term_string\"}}],\"inLanguage\":\"en-US\"},{\"@type\":\"Organization\",\"@id\":\"https:\/\/souvenirexpoturkiye.com.tr\/en\/#organization\",\"name\":\"D\u00dcNYANIN EN BA\u015eARILI SOUVENIR FUARI T\u00dcRK\u0130YE'DE Yunanistan'da 1984 y\u0131l\u0131ndan bu yana d\u00fczenli olarak her y\u0131l organize edilen, bug\u00fcne kadar bir\u00e7ok T\u00fcrk ...\",\"url\":\"https:\/\/souvenirexpoturkiye.com.tr\/en\/\",\"logo\":{\"@type\":\"ImageObject\",\"inLanguage\":\"en-US\",\"@id\":\"https:\/\/souvenirexpoturkiye.com.tr\/en\/#\/schema\/logo\/image\/\",\"url\":\"https:\/\/souvenirexpoturkiye.com.tr\/wp-content\/uploads\/2024\/09\/SOUVENIR-2024-LOGO_2.png\",\"contentUrl\":\"https:\/\/souvenirexpoturkiye.com.tr\/wp-content\/uploads\/2024\/09\/SOUVENIR-2024-LOGO_2.png\",\"width\":2640,\"height\":1314,\"caption\":\"D\u00dcNYANIN EN BA\u015eARILI SOUVENIR FUARI T\u00dcRK\u0130YE'DE Yunanistan'da 1984 y\u0131l\u0131ndan bu yana d\u00fczenli olarak her y\u0131l organize edilen, bug\u00fcne kadar bir\u00e7ok T\u00fcrk ...\"},\"image\":{\"@id\":\"https:\/\/souvenirexpoturkiye.com.tr\/en\/#\/schema\/logo\/image\/\"},\"sameAs\":[\"https:\/\/www.facebook.com\/souvenirexpoturkiye\",\"https:\/\/x.com\/souvenirexpotr\",\"https:\/\/www.instagram.com\/souvenirexpoturkiye\/\"]}]}<\/script>\n<!-- \/ Yoast SEO plugin. -->","yoast_head_json":{"title":"Visitor Form - Souvenir Expo Turkiye","robots":{"index":"index","follow":"follow","max-snippet":"max-snippet:-1","max-image-preview":"max-image-preview:large","max-video-preview":"max-video-preview:-1"},"canonical":"https:\/\/souvenirexpoturkiye.com.tr\/en\/visitor-form\/","og_locale":"en_US","og_type":"article","og_title":"Visitor Form - Souvenir Expo Turkiye","og_description":"Apply Now to Visit the Fair Visitor Registration Form","og_url":"https:\/\/souvenirexpoturkiye.com.tr\/en\/visitor-form\/","og_site_name":"Souvenir Expo Turkiye","article_publisher":"https:\/\/www.facebook.com\/souvenirexpoturkiye","article_modified_time":"2026-03-12T13:45:02+00:00","twitter_card":"summary_large_image","twitter_site":"@souvenirexpotr","twitter_misc":{"Est. reading time":"1 minute"},"schema":{"@context":"https:\/\/schema.org","@graph":[{"@type":"WebPage","@id":"https:\/\/souvenirexpoturkiye.com.tr\/en\/visitor-form\/","url":"https:\/\/souvenirexpoturkiye.com.tr\/en\/visitor-form\/","name":"Visitor Form - Souvenir Expo Turkiye","isPartOf":{"@id":"https:\/\/souvenirexpoturkiye.com.tr\/en\/#website"},"datePublished":"2026-03-06T08:33:51+00:00","dateModified":"2026-03-12T13:45:02+00:00","breadcrumb":{"@id":"https:\/\/souvenirexpoturkiye.com.tr\/en\/visitor-form\/#breadcrumb"},"inLanguage":"en-US","potentialAction":[{"@type":"ReadAction","target":["https:\/\/souvenirexpoturkiye.com.tr\/en\/visitor-form\/"]}]},{"@type":"BreadcrumbList","@id":"https:\/\/souvenirexpoturkiye.com.tr\/en\/visitor-form\/#breadcrumb","itemListElement":[{"@type":"ListItem","position":1,"name":"Home","item":"https:\/\/souvenirexpoturkiye.com.tr\/en\/"},{"@type":"ListItem","position":2,"name":"Visitor Form"}]},{"@type":"WebSite","@id":"https:\/\/souvenirexpoturkiye.com.tr\/en\/#website","url":"https:\/\/souvenirexpoturkiye.com.tr\/en\/","name":"Souvenir Expo Turkiye","description":"D\u00dcNYANIN EN BA\u015eARILI SOUVENIR FUARI T\u00dcRK\u0130YE&#039;DE","publisher":{"@id":"https:\/\/souvenirexpoturkiye.com.tr\/en\/#organization"},"potentialAction":[{"@type":"SearchAction","target":{"@type":"EntryPoint","urlTemplate":"https:\/\/souvenirexpoturkiye.com.tr\/en\/?s={search_term_string}"},"query-input":{"@type":"PropertyValueSpecification","valueRequired":true,"valueName":"search_term_string"}}],"inLanguage":"en-US"},{"@type":"Organization","@id":"https:\/\/souvenirexpoturkiye.com.tr\/en\/#organization","name":"D\u00dcNYANIN EN BA\u015eARILI SOUVENIR FUARI T\u00dcRK\u0130YE'DE Yunanistan'da 1984 y\u0131l\u0131ndan bu yana d\u00fczenli olarak her y\u0131l organize edilen, bug\u00fcne kadar bir\u00e7ok T\u00fcrk ...","url":"https:\/\/souvenirexpoturkiye.com.tr\/en\/","logo":{"@type":"ImageObject","inLanguage":"en-US","@id":"https:\/\/souvenirexpoturkiye.com.tr\/en\/#\/schema\/logo\/image\/","url":"https:\/\/souvenirexpoturkiye.com.tr\/wp-content\/uploads\/2024\/09\/SOUVENIR-2024-LOGO_2.png","contentUrl":"https:\/\/souvenirexpoturkiye.com.tr\/wp-content\/uploads\/2024\/09\/SOUVENIR-2024-LOGO_2.png","width":2640,"height":1314,"caption":"D\u00dcNYANIN EN BA\u015eARILI SOUVENIR FUARI T\u00dcRK\u0130YE'DE Yunanistan'da 1984 y\u0131l\u0131ndan bu yana d\u00fczenli olarak her y\u0131l organize edilen, bug\u00fcne kadar bir\u00e7ok T\u00fcrk ..."},"image":{"@id":"https:\/\/souvenirexpoturkiye.com.tr\/en\/#\/schema\/logo\/image\/"},"sameAs":["https:\/\/www.facebook.com\/souvenirexpoturkiye","https:\/\/x.com\/souvenirexpotr","https:\/\/www.instagram.com\/souvenirexpoturkiye\/"]}]}},"_links":{"self":[{"href":"https:\/\/souvenirexpoturkiye.com.tr\/en\/wp-json\/wp\/v2\/pages\/6986","targetHints":{"allow":["GET"]}}],"collection":[{"href":"https:\/\/souvenirexpoturkiye.com.tr\/en\/wp-json\/wp\/v2\/pages"}],"about":[{"href":"https:\/\/souvenirexpoturkiye.com.tr\/en\/wp-json\/wp\/v2\/types\/page"}],"author":[{"embeddable":true,"href":"https:\/\/souvenirexpoturkiye.com.tr\/en\/wp-json\/wp\/v2\/users\/6"}],"replies":[{"embeddable":true,"href":"https:\/\/souvenirexpoturkiye.com.tr\/en\/wp-json\/wp\/v2\/comments?post=6986"}],"version-history":[{"count":4,"href":"https:\/\/souvenirexpoturkiye.com.tr\/en\/wp-json\/wp\/v2\/pages\/6986\/revisions"}],"predecessor-version":[{"id":6990,"href":"https:\/\/souvenirexpoturkiye.com.tr\/en\/wp-json\/wp\/v2\/pages\/6986\/revisions\/6990"}],"wp:attachment":[{"href":"https:\/\/souvenirexpoturkiye.com.tr\/en\/wp-json\/wp\/v2\/media?parent=6986"}],"curies":[{"name":"wp","href":"https:\/\/api.w.org\/{rel}","templated":true}]}}